{"id":8002,"date":"2023-11-22T21:59:52","date_gmt":"2023-11-22T20:59:52","guid":{"rendered":"https:\/\/constancehurle.com\/producto\/sem-grana-e-sem-frescura\/"},"modified":"2023-11-22T22:02:33","modified_gmt":"2023-11-22T21:02:33","slug":"sem-grana-e-sem-frescura","status":"publish","type":"product","link":"https:\/\/constancehurle.com\/es\/producto\/sem-grana-e-sem-frescura\/","title":{"rendered":"Sem grana e sem frescura"},"content":{"rendered":"<p>ISBN 9788419040114<\/p>\n<p>Editorial:\u00a0Morgante 07- 2023<\/p>\n<p>Idioma: Galego<\/p>\n","protected":false},"excerpt":{"rendered":"<p><em>Sem grana e sem frescura<\/em> \u00e9 unha novela de viaxe baseada nun periplo da autora, que atravesou o Brasil de sur a norte ao longo de oito meses facendo autostop. O t\u00edtulo \u00e9 unha frase de dif\u00edcil traduci\u00f3n que define o xeito no que viaxaba: sen apenas cartos e adapt\u00e1ndose \u00e1s situaci\u00f3ns precarias, e \u00e1s veces inc\u00f3modas, que iso implicaba.<\/p>\n<p>A historia de Estela chega ao lector a trav\u00e9s da visi\u00f3n de Jannick Gutmann, un novelista alem\u00e1n que a co\u00f1ecer\u00e1 no avi\u00f3n de regreso a Europa e que ficar\u00e1, dende o comezo, fascinado con ela. A viaxe de Estela non \u00e9 s\u00f3 un itinerario por dezaseis estados do Brasil, sen\u00f3n que \u00e9, tam\u00e9n, un percorrido existencial, no que vive diferentes experiencias transcendentais, algunhas fermosas, outras arrepiantes.<\/p>\n","protected":false},"featured_media":8000,"comment_status":"open","ping_status":"closed","template":"","meta":[],"product_brand":[],"product_cat":[124],"product_tag":[],"class_list":{"0":"post-8002","1":"product","2":"type-product","3":"status-publish","4":"has-post-thumbnail","5":"product_cat-libros-es","7":"first","8":"instock","9":"taxable","10":"shipping-taxable","11":"purchasable","12":"product-type-simple"},"yoast_head":"<!-- This site is optimized with the Yoast SEO plugin v27.3 - https:\/\/yoast.com\/product\/yoast-seo-wordpress\/ -->\n<title>Sem grana e sem frescura - Constance Hurl\u00e9<\/title>\n<meta name=\"description\" content=\"Sem grana e sem frescura \u00e9 unha novela de viaxe baseada nun periplo da autora, que atravesou o Brasil de sur a norte facendo autostop.\" \/>\n<meta name=\"robots\" content=\"index, follow, max-snippet:-1, max-image-preview:large, max-video-preview:-1\" \/>\n<link rel=\"canonical\" href=\"https:\/\/constancehurle.com\/es\/producto\/sem-grana-e-sem-frescura\/\" \/>\n<meta property=\"og:locale\" content=\"es_ES\" \/>\n<meta property=\"og:type\" content=\"article\" \/>\n<meta property=\"og:title\" content=\"Sem grana e sem frescura - Constance Hurl\u00e9\" \/>\n<meta property=\"og:description\" content=\"Sem grana e sem frescura \u00e9 unha novela de viaxe baseada nun periplo da autora, que atravesou o Brasil de sur a norte facendo autostop.\" \/>\n<meta property=\"og:url\" content=\"https:\/\/constancehurle.com\/es\/producto\/sem-grana-e-sem-frescura\/\" \/>\n<meta property=\"og:site_name\" content=\"Constance Hurl\u00e9\" \/>\n<meta property=\"article:modified_time\" content=\"2023-11-22T21:02:33+00:00\" \/>\n<meta property=\"og:image\" content=\"https:\/\/constancehurle.com\/wp-content\/uploads\/2023\/11\/CUB_SemGrana-1.jpg\" \/>\n\t<meta property=\"og:image:width\" content=\"900\" \/>\n\t<meta property=\"og:image:height\" content=\"1433\" \/>\n\t<meta property=\"og:image:type\" content=\"image\/jpeg\" \/>\n<meta name=\"twitter:card\" content=\"summary_large_image\" \/>\n<script type=\"application\/ld+json\" class=\"yoast-schema-graph\">{\"@context\":\"https:\\\/\\\/schema.org\",\"@graph\":[{\"@type\":\"WebPage\",\"@id\":\"https:\\\/\\\/constancehurle.com\\\/es\\\/producto\\\/sem-grana-e-sem-frescura\\\/\",\"url\":\"https:\\\/\\\/constancehurle.com\\\/es\\\/producto\\\/sem-grana-e-sem-frescura\\\/\",\"name\":\"Sem grana e sem frescura - Constance Hurl\u00e9\",\"isPartOf\":{\"@id\":\"https:\\\/\\\/constancehurle.com\\\/#website\"},\"primaryImageOfPage\":{\"@id\":\"https:\\\/\\\/constancehurle.com\\\/es\\\/producto\\\/sem-grana-e-sem-frescura\\\/#primaryimage\"},\"image\":{\"@id\":\"https:\\\/\\\/constancehurle.com\\\/es\\\/producto\\\/sem-grana-e-sem-frescura\\\/#primaryimage\"},\"thumbnailUrl\":\"https:\\\/\\\/constancehurle.com\\\/wp-content\\\/uploads\\\/2023\\\/11\\\/CUB_SemGrana-1.jpg\",\"datePublished\":\"2023-11-22T20:59:52+00:00\",\"dateModified\":\"2023-11-22T21:02:33+00:00\",\"description\":\"Sem grana e sem frescura \u00e9 unha novela de viaxe baseada nun periplo da autora, que atravesou o Brasil de sur a norte facendo autostop.\",\"breadcrumb\":{\"@id\":\"https:\\\/\\\/constancehurle.com\\\/es\\\/producto\\\/sem-grana-e-sem-frescura\\\/#breadcrumb\"},\"inLanguage\":\"es\",\"potentialAction\":[{\"@type\":\"ReadAction\",\"target\":[\"https:\\\/\\\/constancehurle.com\\\/es\\\/producto\\\/sem-grana-e-sem-frescura\\\/\"]}]},{\"@type\":\"ImageObject\",\"inLanguage\":\"es\",\"@id\":\"https:\\\/\\\/constancehurle.com\\\/es\\\/producto\\\/sem-grana-e-sem-frescura\\\/#primaryimage\",\"url\":\"https:\\\/\\\/constancehurle.com\\\/wp-content\\\/uploads\\\/2023\\\/11\\\/CUB_SemGrana-1.jpg\",\"contentUrl\":\"https:\\\/\\\/constancehurle.com\\\/wp-content\\\/uploads\\\/2023\\\/11\\\/CUB_SemGrana-1.jpg\",\"width\":900,\"height\":1433,\"caption\":\"Sem grana e sem frescura\"},{\"@type\":\"BreadcrumbList\",\"@id\":\"https:\\\/\\\/constancehurle.com\\\/es\\\/producto\\\/sem-grana-e-sem-frescura\\\/#breadcrumb\",\"itemListElement\":[{\"@type\":\"ListItem\",\"position\":1,\"name\":\"Portada\",\"item\":\"https:\\\/\\\/constancehurle.com\\\/es\\\/\"},{\"@type\":\"ListItem\",\"position\":2,\"name\":\"Tienda\",\"item\":\"https:\\\/\\\/constancehurle.com\\\/es\\\/tenda\\\/\"},{\"@type\":\"ListItem\",\"position\":3,\"name\":\"Sem grana e sem frescura\"}]},{\"@type\":\"WebSite\",\"@id\":\"https:\\\/\\\/constancehurle.com\\\/#website\",\"url\":\"https:\\\/\\\/constancehurle.com\\\/\",\"name\":\"Constance Hurl\u00e9\",\"description\":\"Poetry - Performance - Dramatist\",\"potentialAction\":[{\"@type\":\"SearchAction\",\"target\":{\"@type\":\"EntryPoint\",\"urlTemplate\":\"https:\\\/\\\/constancehurle.com\\\/?s={search_term_string}\"},\"query-input\":{\"@type\":\"PropertyValueSpecification\",\"valueRequired\":true,\"valueName\":\"search_term_string\"}}],\"inLanguage\":\"es\"}]}<\/script>\n<!-- \/ Yoast SEO plugin. -->","yoast_head_json":{"title":"Sem grana e sem frescura - Constance Hurl\u00e9","description":"Sem grana e sem frescura \u00e9 unha novela de viaxe baseada nun periplo da autora, que atravesou o Brasil de sur a norte facendo autostop.","robots":{"index":"index","follow":"follow","max-snippet":"max-snippet:-1","max-image-preview":"max-image-preview:large","max-video-preview":"max-video-preview:-1"},"canonical":"https:\/\/constancehurle.com\/es\/producto\/sem-grana-e-sem-frescura\/","og_locale":"es_ES","og_type":"article","og_title":"Sem grana e sem frescura - Constance Hurl\u00e9","og_description":"Sem grana e sem frescura \u00e9 unha novela de viaxe baseada nun periplo da autora, que atravesou o Brasil de sur a norte facendo autostop.","og_url":"https:\/\/constancehurle.com\/es\/producto\/sem-grana-e-sem-frescura\/","og_site_name":"Constance Hurl\u00e9","article_modified_time":"2023-11-22T21:02:33+00:00","og_image":[{"width":900,"height":1433,"url":"https:\/\/constancehurle.com\/wp-content\/uploads\/2023\/11\/CUB_SemGrana-1.jpg","type":"image\/jpeg"}],"twitter_card":"summary_large_image","schema":{"@context":"https:\/\/schema.org","@graph":[{"@type":"WebPage","@id":"https:\/\/constancehurle.com\/es\/producto\/sem-grana-e-sem-frescura\/","url":"https:\/\/constancehurle.com\/es\/producto\/sem-grana-e-sem-frescura\/","name":"Sem grana e sem frescura - Constance Hurl\u00e9","isPartOf":{"@id":"https:\/\/constancehurle.com\/#website"},"primaryImageOfPage":{"@id":"https:\/\/constancehurle.com\/es\/producto\/sem-grana-e-sem-frescura\/#primaryimage"},"image":{"@id":"https:\/\/constancehurle.com\/es\/producto\/sem-grana-e-sem-frescura\/#primaryimage"},"thumbnailUrl":"https:\/\/constancehurle.com\/wp-content\/uploads\/2023\/11\/CUB_SemGrana-1.jpg","datePublished":"2023-11-22T20:59:52+00:00","dateModified":"2023-11-22T21:02:33+00:00","description":"Sem grana e sem frescura \u00e9 unha novela de viaxe baseada nun periplo da autora, que atravesou o Brasil de sur a norte facendo autostop.","breadcrumb":{"@id":"https:\/\/constancehurle.com\/es\/producto\/sem-grana-e-sem-frescura\/#breadcrumb"},"inLanguage":"es","potentialAction":[{"@type":"ReadAction","target":["https:\/\/constancehurle.com\/es\/producto\/sem-grana-e-sem-frescura\/"]}]},{"@type":"ImageObject","inLanguage":"es","@id":"https:\/\/constancehurle.com\/es\/producto\/sem-grana-e-sem-frescura\/#primaryimage","url":"https:\/\/constancehurle.com\/wp-content\/uploads\/2023\/11\/CUB_SemGrana-1.jpg","contentUrl":"https:\/\/constancehurle.com\/wp-content\/uploads\/2023\/11\/CUB_SemGrana-1.jpg","width":900,"height":1433,"caption":"Sem grana e sem frescura"},{"@type":"BreadcrumbList","@id":"https:\/\/constancehurle.com\/es\/producto\/sem-grana-e-sem-frescura\/#breadcrumb","itemListElement":[{"@type":"ListItem","position":1,"name":"Portada","item":"https:\/\/constancehurle.com\/es\/"},{"@type":"ListItem","position":2,"name":"Tienda","item":"https:\/\/constancehurle.com\/es\/tenda\/"},{"@type":"ListItem","position":3,"name":"Sem grana e sem frescura"}]},{"@type":"WebSite","@id":"https:\/\/constancehurle.com\/#website","url":"https:\/\/constancehurle.com\/","name":"Constance Hurl\u00e9","description":"Poetry - Performance - Dramatist","potentialAction":[{"@type":"SearchAction","target":{"@type":"EntryPoint","urlTemplate":"https:\/\/constancehurle.com\/?s={search_term_string}"},"query-input":{"@type":"PropertyValueSpecification","valueRequired":true,"valueName":"search_term_string"}}],"inLanguage":"es"}]}},"_links":{"self":[{"href":"https:\/\/constancehurle.com\/es\/wp-json\/wp\/v2\/product\/8002","targetHints":{"allow":["GET"]}}],"collection":[{"href":"https:\/\/constancehurle.com\/es\/wp-json\/wp\/v2\/product"}],"about":[{"href":"https:\/\/constancehurle.com\/es\/wp-json\/wp\/v2\/types\/product"}],"replies":[{"embeddable":true,"href":"https:\/\/constancehurle.com\/es\/wp-json\/wp\/v2\/comments?post=8002"}],"wp:featuredmedia":[{"embeddable":true,"href":"https:\/\/constancehurle.com\/es\/wp-json\/wp\/v2\/media\/8000"}],"wp:attachment":[{"href":"https:\/\/constancehurle.com\/es\/wp-json\/wp\/v2\/media?parent=8002"}],"wp:term":[{"taxonomy":"product_brand","embeddable":true,"href":"https:\/\/constancehurle.com\/es\/wp-json\/wp\/v2\/product_brand?post=8002"},{"taxonomy":"product_cat","embeddable":true,"href":"https:\/\/constancehurle.com\/es\/wp-json\/wp\/v2\/product_cat?post=8002"},{"taxonomy":"product_tag","embeddable":true,"href":"https:\/\/constancehurle.com\/es\/wp-json\/wp\/v2\/product_tag?post=8002"}],"curies":[{"name":"wp","href":"https:\/\/api.w.org\/{rel}","templated":true}]}}