{"id":7885,"date":"2020-05-01T18:50:58","date_gmt":"2020-05-01T16:50:58","guid":{"rendered":"https:\/\/constancehurle.com\/producto\/poemario-bicmordido\/"},"modified":"2023-11-22T21:29:38","modified_gmt":"2023-11-22T20:29:38","slug":"poemario-bicmordido","status":"publish","type":"product","link":"https:\/\/constancehurle.com\/es\/producto\/poemario-bicmordido\/","title":{"rendered":"b\/i\/c\/\/m.o.r.d.i.d.o."},"content":{"rendered":"<p>Primera publicaci\u00f3n de Constance Hurl\u00e9 en formato de poes\u00eda desestructurada o caligr\u00e1fica, ilustrado por M.Funes. Poes\u00eda intimista.<\/p>\n<p>Primera edici\u00f3n: julio\u00a0 2017. Editorial: Ediciones Carena-Acidalia. N\u00famero de p\u00e1ginas: 78.<\/p>\n","protected":false},"excerpt":{"rendered":"<p>Poemario.<\/p>\n","protected":false},"featured_media":6806,"comment_status":"open","ping_status":"closed","template":"","meta":[],"product_brand":[],"product_cat":[124],"product_tag":[],"class_list":{"0":"post-7885","1":"product","2":"type-product","3":"status-publish","4":"has-post-thumbnail","5":"product_cat-libros-es","7":"first","8":"instock","9":"taxable","10":"shipping-taxable","11":"purchasable","12":"product-type-simple"},"yoast_head":"<!-- This site is optimized with the Yoast SEO plugin v27.3 - https:\/\/yoast.com\/product\/yoast-seo-wordpress\/ -->\n<title>b\/i\/c\/\/m.o.r.d.i.d.o. - Constance Hurl\u00e9<\/title>\n<meta name=\"robots\" content=\"index, follow, max-snippet:-1, max-image-preview:large, max-video-preview:-1\" \/>\n<link rel=\"canonical\" href=\"https:\/\/constancehurle.com\/es\/producto\/poemario-bicmordido\/\" \/>\n<meta property=\"og:locale\" content=\"es_ES\" \/>\n<meta property=\"og:type\" content=\"article\" \/>\n<meta property=\"og:title\" content=\"b\/i\/c\/\/m.o.r.d.i.d.o. - Constance Hurl\u00e9\" \/>\n<meta property=\"og:description\" content=\"Poemario.\" \/>\n<meta property=\"og:url\" content=\"https:\/\/constancehurle.com\/es\/producto\/poemario-bicmordido\/\" \/>\n<meta property=\"og:site_name\" content=\"Constance Hurl\u00e9\" \/>\n<meta property=\"article:modified_time\" content=\"2023-11-22T20:29:38+00:00\" \/>\n<meta property=\"og:image\" content=\"https:\/\/constancehurle.com\/wp-content\/uploads\/2020\/05\/constancehurle-tienda-producto-libro-bicmordido.jpg\" \/>\n\t<meta property=\"og:image:width\" content=\"1400\" \/>\n\t<meta property=\"og:image:height\" content=\"1400\" \/>\n\t<meta property=\"og:image:type\" content=\"image\/jpeg\" \/>\n<meta name=\"twitter:card\" content=\"summary_large_image\" \/>\n<script type=\"application\/ld+json\" class=\"yoast-schema-graph\">{\"@context\":\"https:\\\/\\\/schema.org\",\"@graph\":[{\"@type\":\"WebPage\",\"@id\":\"https:\\\/\\\/constancehurle.com\\\/es\\\/producto\\\/poemario-bicmordido\\\/\",\"url\":\"https:\\\/\\\/constancehurle.com\\\/es\\\/producto\\\/poemario-bicmordido\\\/\",\"name\":\"b\\\/i\\\/c\\\/\\\/m.o.r.d.i.d.o. - Constance Hurl\u00e9\",\"isPartOf\":{\"@id\":\"https:\\\/\\\/constancehurle.com\\\/#website\"},\"primaryImageOfPage\":{\"@id\":\"https:\\\/\\\/constancehurle.com\\\/es\\\/producto\\\/poemario-bicmordido\\\/#primaryimage\"},\"image\":{\"@id\":\"https:\\\/\\\/constancehurle.com\\\/es\\\/producto\\\/poemario-bicmordido\\\/#primaryimage\"},\"thumbnailUrl\":\"https:\\\/\\\/constancehurle.com\\\/wp-content\\\/uploads\\\/2020\\\/05\\\/constancehurle-tienda-producto-libro-bicmordido.jpg\",\"datePublished\":\"2020-05-01T16:50:58+00:00\",\"dateModified\":\"2023-11-22T20:29:38+00:00\",\"breadcrumb\":{\"@id\":\"https:\\\/\\\/constancehurle.com\\\/es\\\/producto\\\/poemario-bicmordido\\\/#breadcrumb\"},\"inLanguage\":\"es\",\"potentialAction\":[{\"@type\":\"ReadAction\",\"target\":[\"https:\\\/\\\/constancehurle.com\\\/es\\\/producto\\\/poemario-bicmordido\\\/\"]}]},{\"@type\":\"ImageObject\",\"inLanguage\":\"es\",\"@id\":\"https:\\\/\\\/constancehurle.com\\\/es\\\/producto\\\/poemario-bicmordido\\\/#primaryimage\",\"url\":\"https:\\\/\\\/constancehurle.com\\\/wp-content\\\/uploads\\\/2020\\\/05\\\/constancehurle-tienda-producto-libro-bicmordido.jpg\",\"contentUrl\":\"https:\\\/\\\/constancehurle.com\\\/wp-content\\\/uploads\\\/2020\\\/05\\\/constancehurle-tienda-producto-libro-bicmordido.jpg\",\"width\":1400,\"height\":1400},{\"@type\":\"BreadcrumbList\",\"@id\":\"https:\\\/\\\/constancehurle.com\\\/es\\\/producto\\\/poemario-bicmordido\\\/#breadcrumb\",\"itemListElement\":[{\"@type\":\"ListItem\",\"position\":1,\"name\":\"Portada\",\"item\":\"https:\\\/\\\/constancehurle.com\\\/es\\\/\"},{\"@type\":\"ListItem\",\"position\":2,\"name\":\"Tienda\",\"item\":\"https:\\\/\\\/constancehurle.com\\\/es\\\/tenda\\\/\"},{\"@type\":\"ListItem\",\"position\":3,\"name\":\"b\\\/i\\\/c\\\/\\\/m.o.r.d.i.d.o.\"}]},{\"@type\":\"WebSite\",\"@id\":\"https:\\\/\\\/constancehurle.com\\\/#website\",\"url\":\"https:\\\/\\\/constancehurle.com\\\/\",\"name\":\"Constance Hurl\u00e9\",\"description\":\"Poetry - Performance - Dramatist\",\"potentialAction\":[{\"@type\":\"SearchAction\",\"target\":{\"@type\":\"EntryPoint\",\"urlTemplate\":\"https:\\\/\\\/constancehurle.com\\\/?s={search_term_string}\"},\"query-input\":{\"@type\":\"PropertyValueSpecification\",\"valueRequired\":true,\"valueName\":\"search_term_string\"}}],\"inLanguage\":\"es\"}]}<\/script>\n<!-- \/ Yoast SEO plugin. -->","yoast_head_json":{"title":"b\/i\/c\/\/m.o.r.d.i.d.o. - Constance Hurl\u00e9","robots":{"index":"index","follow":"follow","max-snippet":"max-snippet:-1","max-image-preview":"max-image-preview:large","max-video-preview":"max-video-preview:-1"},"canonical":"https:\/\/constancehurle.com\/es\/producto\/poemario-bicmordido\/","og_locale":"es_ES","og_type":"article","og_title":"b\/i\/c\/\/m.o.r.d.i.d.o. - Constance Hurl\u00e9","og_description":"Poemario.","og_url":"https:\/\/constancehurle.com\/es\/producto\/poemario-bicmordido\/","og_site_name":"Constance Hurl\u00e9","article_modified_time":"2023-11-22T20:29:38+00:00","og_image":[{"width":1400,"height":1400,"url":"https:\/\/constancehurle.com\/wp-content\/uploads\/2020\/05\/constancehurle-tienda-producto-libro-bicmordido.jpg","type":"image\/jpeg"}],"twitter_card":"summary_large_image","schema":{"@context":"https:\/\/schema.org","@graph":[{"@type":"WebPage","@id":"https:\/\/constancehurle.com\/es\/producto\/poemario-bicmordido\/","url":"https:\/\/constancehurle.com\/es\/producto\/poemario-bicmordido\/","name":"b\/i\/c\/\/m.o.r.d.i.d.o. - Constance Hurl\u00e9","isPartOf":{"@id":"https:\/\/constancehurle.com\/#website"},"primaryImageOfPage":{"@id":"https:\/\/constancehurle.com\/es\/producto\/poemario-bicmordido\/#primaryimage"},"image":{"@id":"https:\/\/constancehurle.com\/es\/producto\/poemario-bicmordido\/#primaryimage"},"thumbnailUrl":"https:\/\/constancehurle.com\/wp-content\/uploads\/2020\/05\/constancehurle-tienda-producto-libro-bicmordido.jpg","datePublished":"2020-05-01T16:50:58+00:00","dateModified":"2023-11-22T20:29:38+00:00","breadcrumb":{"@id":"https:\/\/constancehurle.com\/es\/producto\/poemario-bicmordido\/#breadcrumb"},"inLanguage":"es","potentialAction":[{"@type":"ReadAction","target":["https:\/\/constancehurle.com\/es\/producto\/poemario-bicmordido\/"]}]},{"@type":"ImageObject","inLanguage":"es","@id":"https:\/\/constancehurle.com\/es\/producto\/poemario-bicmordido\/#primaryimage","url":"https:\/\/constancehurle.com\/wp-content\/uploads\/2020\/05\/constancehurle-tienda-producto-libro-bicmordido.jpg","contentUrl":"https:\/\/constancehurle.com\/wp-content\/uploads\/2020\/05\/constancehurle-tienda-producto-libro-bicmordido.jpg","width":1400,"height":1400},{"@type":"BreadcrumbList","@id":"https:\/\/constancehurle.com\/es\/producto\/poemario-bicmordido\/#breadcrumb","itemListElement":[{"@type":"ListItem","position":1,"name":"Portada","item":"https:\/\/constancehurle.com\/es\/"},{"@type":"ListItem","position":2,"name":"Tienda","item":"https:\/\/constancehurle.com\/es\/tenda\/"},{"@type":"ListItem","position":3,"name":"b\/i\/c\/\/m.o.r.d.i.d.o."}]},{"@type":"WebSite","@id":"https:\/\/constancehurle.com\/#website","url":"https:\/\/constancehurle.com\/","name":"Constance Hurl\u00e9","description":"Poetry - Performance - Dramatist","potentialAction":[{"@type":"SearchAction","target":{"@type":"EntryPoint","urlTemplate":"https:\/\/constancehurle.com\/?s={search_term_string}"},"query-input":{"@type":"PropertyValueSpecification","valueRequired":true,"valueName":"search_term_string"}}],"inLanguage":"es"}]}},"_links":{"self":[{"href":"https:\/\/constancehurle.com\/es\/wp-json\/wp\/v2\/product\/7885","targetHints":{"allow":["GET"]}}],"collection":[{"href":"https:\/\/constancehurle.com\/es\/wp-json\/wp\/v2\/product"}],"about":[{"href":"https:\/\/constancehurle.com\/es\/wp-json\/wp\/v2\/types\/product"}],"replies":[{"embeddable":true,"href":"https:\/\/constancehurle.com\/es\/wp-json\/wp\/v2\/comments?post=7885"}],"wp:featuredmedia":[{"embeddable":true,"href":"https:\/\/constancehurle.com\/es\/wp-json\/wp\/v2\/media\/6806"}],"wp:attachment":[{"href":"https:\/\/constancehurle.com\/es\/wp-json\/wp\/v2\/media?parent=7885"}],"wp:term":[{"taxonomy":"product_brand","embeddable":true,"href":"https:\/\/constancehurle.com\/es\/wp-json\/wp\/v2\/product_brand?post=7885"},{"taxonomy":"product_cat","embeddable":true,"href":"https:\/\/constancehurle.com\/es\/wp-json\/wp\/v2\/product_cat?post=7885"},{"taxonomy":"product_tag","embeddable":true,"href":"https:\/\/constancehurle.com\/es\/wp-json\/wp\/v2\/product_tag?post=7885"}],"curies":[{"name":"wp","href":"https:\/\/api.w.org\/{rel}","templated":true}]}}