{"id":7883,"date":"2020-05-02T08:48:08","date_gmt":"2020-05-02T06:48:08","guid":{"rendered":"https:\/\/constancehurle.com\/producto\/albumhacialaluz\/"},"modified":"2023-11-22T21:29:11","modified_gmt":"2023-11-22T20:29:11","slug":"albumhacialaluz","status":"publish","type":"product","link":"https:\/\/constancehurle.com\/es\/producto\/albumhacialaluz\/","title":{"rendered":"hacialaluz"},"content":{"rendered":"<p>\u00c1lbum del proyecto multidisciplinar \u00abhacialaluz: poes\u00eda, sonido, imagen\u00bb.<br \/>\nFormato: CD.<\/p>\n<p>Ficha art\u00edstica:<br \/>\nDirecci\u00f3n: Constance Hurl\u00e9. Composici\u00f3n musical: Rui Grenha. Ilustraci\u00f3n y dise\u00f1o: Juan Blanco Delgado. Comunicaci\u00f3n: Chachacha Studio<br \/>\nProducci\u00f3n musical: Bea Besada Homestudio. Int\u00e9rpretes: Constance Hurl\u00e9, Rui Grenha. Colaboraci\u00f3n musical: Javier Pereiro \u201cGDjazz\u201d;<br \/>\nRicardo D\u00edaz; Rub\u00e9n Fern\u00e1ndez; Xis Tr\u00edo. Agradecimientos: CSA A Cova dos Ratos; La Canalla; Agrupaci\u00f3n Fotogr\u00e1fica Galega; Alexandre Cancelo; Adegas Terrae; Lume de Carozo.<\/p>\n","protected":false},"excerpt":{"rendered":"<p>\u00c1lbum po\u00e9tico musical.<\/p>\n","protected":false},"featured_media":6774,"comment_status":"open","ping_status":"closed","template":"","meta":[],"product_brand":[],"product_cat":[126],"product_tag":[],"class_list":{"0":"post-7883","1":"product","2":"type-product","3":"status-publish","4":"has-post-thumbnail","5":"product_cat-musica-es","7":"first","8":"onbackorder","9":"taxable","10":"shipping-taxable","11":"purchasable","12":"product-type-simple"},"yoast_head":"<!-- This site is optimized with the Yoast SEO plugin v27.3 - https:\/\/yoast.com\/product\/yoast-seo-wordpress\/ -->\n<title>hacialaluz - Constance Hurl\u00e9<\/title>\n<meta name=\"robots\" content=\"index, follow, max-snippet:-1, max-image-preview:large, max-video-preview:-1\" \/>\n<link rel=\"canonical\" href=\"https:\/\/constancehurle.com\/es\/producto\/albumhacialaluz\/\" \/>\n<meta property=\"og:locale\" content=\"es_ES\" \/>\n<meta property=\"og:type\" content=\"article\" \/>\n<meta property=\"og:title\" content=\"hacialaluz - Constance Hurl\u00e9\" \/>\n<meta property=\"og:description\" content=\"\u00c1lbum po\u00e9tico musical.\" \/>\n<meta property=\"og:url\" content=\"https:\/\/constancehurle.com\/es\/producto\/albumhacialaluz\/\" \/>\n<meta property=\"og:site_name\" content=\"Constance Hurl\u00e9\" \/>\n<meta property=\"article:modified_time\" content=\"2023-11-22T20:29:11+00:00\" \/>\n<meta property=\"og:image\" content=\"https:\/\/constancehurle.com\/wp-content\/uploads\/2020\/05\/Car\u2020tula1._webjpg.jpg\" \/>\n\t<meta property=\"og:image:width\" content=\"1800\" \/>\n\t<meta property=\"og:image:height\" content=\"1800\" \/>\n\t<meta property=\"og:image:type\" content=\"image\/jpeg\" \/>\n<meta name=\"twitter:card\" content=\"summary_large_image\" \/>\n<script type=\"application\/ld+json\" class=\"yoast-schema-graph\">{\"@context\":\"https:\\\/\\\/schema.org\",\"@graph\":[{\"@type\":\"WebPage\",\"@id\":\"https:\\\/\\\/constancehurle.com\\\/es\\\/producto\\\/albumhacialaluz\\\/\",\"url\":\"https:\\\/\\\/constancehurle.com\\\/es\\\/producto\\\/albumhacialaluz\\\/\",\"name\":\"hacialaluz - Constance Hurl\u00e9\",\"isPartOf\":{\"@id\":\"https:\\\/\\\/constancehurle.com\\\/#website\"},\"primaryImageOfPage\":{\"@id\":\"https:\\\/\\\/constancehurle.com\\\/es\\\/producto\\\/albumhacialaluz\\\/#primaryimage\"},\"image\":{\"@id\":\"https:\\\/\\\/constancehurle.com\\\/es\\\/producto\\\/albumhacialaluz\\\/#primaryimage\"},\"thumbnailUrl\":\"https:\\\/\\\/constancehurle.com\\\/wp-content\\\/uploads\\\/2020\\\/05\\\/Car\u2020tula1._webjpg.jpg\",\"datePublished\":\"2020-05-02T06:48:08+00:00\",\"dateModified\":\"2023-11-22T20:29:11+00:00\",\"breadcrumb\":{\"@id\":\"https:\\\/\\\/constancehurle.com\\\/es\\\/producto\\\/albumhacialaluz\\\/#breadcrumb\"},\"inLanguage\":\"es\",\"potentialAction\":[{\"@type\":\"ReadAction\",\"target\":[\"https:\\\/\\\/constancehurle.com\\\/es\\\/producto\\\/albumhacialaluz\\\/\"]}]},{\"@type\":\"ImageObject\",\"inLanguage\":\"es\",\"@id\":\"https:\\\/\\\/constancehurle.com\\\/es\\\/producto\\\/albumhacialaluz\\\/#primaryimage\",\"url\":\"https:\\\/\\\/constancehurle.com\\\/wp-content\\\/uploads\\\/2020\\\/05\\\/Car\u2020tula1._webjpg.jpg\",\"contentUrl\":\"https:\\\/\\\/constancehurle.com\\\/wp-content\\\/uploads\\\/2020\\\/05\\\/Car\u2020tula1._webjpg.jpg\",\"width\":1800,\"height\":1800},{\"@type\":\"BreadcrumbList\",\"@id\":\"https:\\\/\\\/constancehurle.com\\\/es\\\/producto\\\/albumhacialaluz\\\/#breadcrumb\",\"itemListElement\":[{\"@type\":\"ListItem\",\"position\":1,\"name\":\"Portada\",\"item\":\"https:\\\/\\\/constancehurle.com\\\/es\\\/\"},{\"@type\":\"ListItem\",\"position\":2,\"name\":\"Tienda\",\"item\":\"https:\\\/\\\/constancehurle.com\\\/es\\\/tenda\\\/\"},{\"@type\":\"ListItem\",\"position\":3,\"name\":\"hacialaluz\"}]},{\"@type\":\"WebSite\",\"@id\":\"https:\\\/\\\/constancehurle.com\\\/#website\",\"url\":\"https:\\\/\\\/constancehurle.com\\\/\",\"name\":\"Constance Hurl\u00e9\",\"description\":\"Poetry - Performance - Dramatist\",\"potentialAction\":[{\"@type\":\"SearchAction\",\"target\":{\"@type\":\"EntryPoint\",\"urlTemplate\":\"https:\\\/\\\/constancehurle.com\\\/?s={search_term_string}\"},\"query-input\":{\"@type\":\"PropertyValueSpecification\",\"valueRequired\":true,\"valueName\":\"search_term_string\"}}],\"inLanguage\":\"es\"}]}<\/script>\n<!-- \/ Yoast SEO plugin. -->","yoast_head_json":{"title":"hacialaluz - Constance Hurl\u00e9","robots":{"index":"index","follow":"follow","max-snippet":"max-snippet:-1","max-image-preview":"max-image-preview:large","max-video-preview":"max-video-preview:-1"},"canonical":"https:\/\/constancehurle.com\/es\/producto\/albumhacialaluz\/","og_locale":"es_ES","og_type":"article","og_title":"hacialaluz - Constance Hurl\u00e9","og_description":"\u00c1lbum po\u00e9tico musical.","og_url":"https:\/\/constancehurle.com\/es\/producto\/albumhacialaluz\/","og_site_name":"Constance Hurl\u00e9","article_modified_time":"2023-11-22T20:29:11+00:00","og_image":[{"width":1800,"height":1800,"url":"https:\/\/constancehurle.com\/wp-content\/uploads\/2020\/05\/Car\u2020tula1._webjpg.jpg","type":"image\/jpeg"}],"twitter_card":"summary_large_image","schema":{"@context":"https:\/\/schema.org","@graph":[{"@type":"WebPage","@id":"https:\/\/constancehurle.com\/es\/producto\/albumhacialaluz\/","url":"https:\/\/constancehurle.com\/es\/producto\/albumhacialaluz\/","name":"hacialaluz - Constance Hurl\u00e9","isPartOf":{"@id":"https:\/\/constancehurle.com\/#website"},"primaryImageOfPage":{"@id":"https:\/\/constancehurle.com\/es\/producto\/albumhacialaluz\/#primaryimage"},"image":{"@id":"https:\/\/constancehurle.com\/es\/producto\/albumhacialaluz\/#primaryimage"},"thumbnailUrl":"https:\/\/constancehurle.com\/wp-content\/uploads\/2020\/05\/Car\u2020tula1._webjpg.jpg","datePublished":"2020-05-02T06:48:08+00:00","dateModified":"2023-11-22T20:29:11+00:00","breadcrumb":{"@id":"https:\/\/constancehurle.com\/es\/producto\/albumhacialaluz\/#breadcrumb"},"inLanguage":"es","potentialAction":[{"@type":"ReadAction","target":["https:\/\/constancehurle.com\/es\/producto\/albumhacialaluz\/"]}]},{"@type":"ImageObject","inLanguage":"es","@id":"https:\/\/constancehurle.com\/es\/producto\/albumhacialaluz\/#primaryimage","url":"https:\/\/constancehurle.com\/wp-content\/uploads\/2020\/05\/Car\u2020tula1._webjpg.jpg","contentUrl":"https:\/\/constancehurle.com\/wp-content\/uploads\/2020\/05\/Car\u2020tula1._webjpg.jpg","width":1800,"height":1800},{"@type":"BreadcrumbList","@id":"https:\/\/constancehurle.com\/es\/producto\/albumhacialaluz\/#breadcrumb","itemListElement":[{"@type":"ListItem","position":1,"name":"Portada","item":"https:\/\/constancehurle.com\/es\/"},{"@type":"ListItem","position":2,"name":"Tienda","item":"https:\/\/constancehurle.com\/es\/tenda\/"},{"@type":"ListItem","position":3,"name":"hacialaluz"}]},{"@type":"WebSite","@id":"https:\/\/constancehurle.com\/#website","url":"https:\/\/constancehurle.com\/","name":"Constance Hurl\u00e9","description":"Poetry - Performance - Dramatist","potentialAction":[{"@type":"SearchAction","target":{"@type":"EntryPoint","urlTemplate":"https:\/\/constancehurle.com\/?s={search_term_string}"},"query-input":{"@type":"PropertyValueSpecification","valueRequired":true,"valueName":"search_term_string"}}],"inLanguage":"es"}]}},"_links":{"self":[{"href":"https:\/\/constancehurle.com\/es\/wp-json\/wp\/v2\/product\/7883","targetHints":{"allow":["GET"]}}],"collection":[{"href":"https:\/\/constancehurle.com\/es\/wp-json\/wp\/v2\/product"}],"about":[{"href":"https:\/\/constancehurle.com\/es\/wp-json\/wp\/v2\/types\/product"}],"replies":[{"embeddable":true,"href":"https:\/\/constancehurle.com\/es\/wp-json\/wp\/v2\/comments?post=7883"}],"wp:featuredmedia":[{"embeddable":true,"href":"https:\/\/constancehurle.com\/es\/wp-json\/wp\/v2\/media\/6774"}],"wp:attachment":[{"href":"https:\/\/constancehurle.com\/es\/wp-json\/wp\/v2\/media?parent=7883"}],"wp:term":[{"taxonomy":"product_brand","embeddable":true,"href":"https:\/\/constancehurle.com\/es\/wp-json\/wp\/v2\/product_brand?post=7883"},{"taxonomy":"product_cat","embeddable":true,"href":"https:\/\/constancehurle.com\/es\/wp-json\/wp\/v2\/product_cat?post=7883"},{"taxonomy":"product_tag","embeddable":true,"href":"https:\/\/constancehurle.com\/es\/wp-json\/wp\/v2\/product_tag?post=7883"}],"curies":[{"name":"wp","href":"https:\/\/api.w.org\/{rel}","templated":true}]}}