{"id":8017,"date":"2023-12-07T14:18:39","date_gmt":"2023-12-07T13:18:39","guid":{"rendered":"https:\/\/constancehurle.com\/politica-de-privacidade\/"},"modified":"2023-12-07T14:18:39","modified_gmt":"2023-12-07T13:18:39","slug":"politica-de-privacidade","status":"publish","type":"page","link":"https:\/\/constancehurle.com\/es\/politica-de-privacidade\/","title":{"rendered":"Pol\u00edtica de Privacidade"},"content":{"rendered":"<div class=\"elementor-element elementor-element-fddb333 elementor-widget elementor-widget-heading\" data-id=\"fddb333\" data-element_type=\"widget\" data-widget_type=\"heading.default\">\n<div class=\"elementor-widget-container\">\n<h1 class=\"elementor-heading-title elementor-size-default\">Pol\u00edtica de Privacidad<\/h1>\n<\/div>\n<\/div>\n<div class=\"elementor-element elementor-element-8e87df7 elementor-widget elementor-widget-text-editor\" data-id=\"8e87df7\" data-element_type=\"widget\" data-widget_type=\"text-editor.default\">\n<div class=\"elementor-widget-container\">\n<p>De conformidad con lo dispuesto en la Ley Org\u00e1nica 15\/1999 de Protecci\u00f3n de Datos de Car\u00e1cter Personal, mediante la aceptaci\u00f3n de la presente Pol\u00edtica de Privacidad prestas tu consentimiento informado, expreso, libre e inequ\u00edvoco para que los datos personales que proporciones a trav\u00e9s de la p\u00e1gina web https:\/\/www.hurleprods.com (en adelante SITIO WEB) sean incluidos en un fichero de \u201cCONTACTO WEB\u201d :<\/p>\n<ul>\n<li>Nombre fiscal: Constanza Garabatos Funes (en adelante Hurl\u00e9 prods.)<\/li>\n<li>NIF: 39459584W<\/li>\n<li>Email: constancehurle@gmail.com<\/li>\n<li>Actividad: Producci\u00f3n y distribuci\u00f3n<\/li>\n<\/ul>\n<p>Todo ello debidamente inscrito ante la agencia Espa\u00f1ola de Protecci\u00f3n de Datos y respecto del que Hurl\u00e9 prods. garantiza que se han aplicado las medidas de seguridad tanto organizativas como t\u00e9cnicas requeridas por el Reglamento Europeo Sobre Protecci\u00f3n de datos y la normativa vigente.<\/p>\n<p>La presente Pol\u00edtica de Privacidad ser\u00e1 v\u00e1lida \u00fanicamente para los datos de car\u00e1cter personal obtenidos en el Sitio Web, no siendo aplicable para aquella informaci\u00f3n recabada por terceros en otras p\u00e1ginas web, incluso si \u00e9stas se encuentran enlazadas por el Sitio Web.<\/p>\n<p>Con ello manifiestamos nuestro compromiso por mantener y garantizar las relaciones comerciales de forma segura mediante la protecci\u00f3n de los datos personales y garantizando el derecho a la privacidad de cada uno de los usuarios del sitio web.<\/p>\n<p><strong>1. \u00bfQU\u00c9 SON LOS DATOS PERSONALES?<\/strong><\/p>\n<p>Cualquier informaci\u00f3n relativa a una persona que nos facilita cuando visita nuestro sitio web, en nuestro caso nombre, email y n\u00famero de tel\u00e9fono de contacto.<\/p>\n<p>Adicionalmente, cuando visitas nuestro sitio web, determinada informaci\u00f3n se almacena autom\u00e1ticamente por motivos t\u00e9cnicos como la direcci\u00f3n IP asignada por su proveedor de acceso a Internet.<\/p>\n<p><strong>2. FINALIDAD, LEGITIMACI\u00d3N, CATEGOR\u00cdA DE LOS DATOS RECABADOS Y CONSENTIMIENTO AL TRATAMIENTO.<\/strong><\/p>\n<p>Tal y como se recoge en la normativa, se informa al USUARIO de que a trav\u00e9s del formulario de contacto se recaban datos, los cuales se almacenan en un fichero, con la exclusiva finalidad de contestar a dichas comunicaciones, sin emisi\u00f3n de newsletters, ofertas comerciales, ni otras comunicaciones no relacionadas con el objeto de la comunicaci\u00f3n inicial realizada por el USUARIO.<\/p>\n<p>\u00danicamente el titular tendr\u00e1 acceso a sus datos y, bajo ning\u00fan concepto, estos datos ser\u00e1n cedidos, compartidos, transferidos, ni vendidos a ning\u00fan tercero.<\/p>\n<p>La aceptaci\u00f3n de la pol\u00edtica de privacidad se entender\u00e1 a todos los efectos como la prestaci\u00f3n de CONSENTIMIENTO EXPRESO E INEQU\u00cdVOCO del USUARIO al tratamiento de los datos de car\u00e1cter personal en los t\u00e9rminos que se exponen en el presente documento.<\/p>\n<p>Por lo tanto, la legitimaci\u00f3n se obtiene a trav\u00e9s del consentimiento tal y como posteriormente estableceremos.<\/p>\n<p>En ning\u00fan caso se realizar\u00e1 un uso diferente AL DE la finalidad para los que han sido recabados los datos ni se ceder\u00e1n a terceros.<\/p>\n<p><strong>2.1 LEGITIMACI\u00d3N<\/strong><\/p>\n<p>Gracias al consentimiento podemos tratar tus datos siendo requisito obligatorio para poder ponerte en contacto con nosotros a trav\u00e9s del formulario de contacto.<\/p>\n<p>Como bien sabes, puedes retirar tu consentimiento en el momento que lo desees.<\/p>\n<p><strong>2.2 CATEGOR\u00cdA DE LOS DATOS<\/strong><\/p>\n<p>Los datos recabados en ning\u00fan momento son especialmente protegidos, sino que se encuentran categorizados como datos identificativos.<\/p>\n<p><strong>2.3 TIEMPO DE CONSERVACI\u00d3N DE LOS DATOS<\/strong><\/p>\n<p>Conservaremos tus datos durante el tiempo legalmente establecido o hasta que solicites eliminarlos.<\/p>\n<p><strong>3. CUMPLIMIENTO DE LA NORMATIVA DE APLICACI\u00d3N<\/strong><\/p>\n<p>Hurl\u00e9 prods. se rige por la normativa que entr\u00f3 en vigor el 25 de Mayo de 2018, siendo el Reglamento General sobre Protecci\u00f3n de Datos (RGPD) de la Uni\u00f3n Europea.<\/p>\n<p>Asimismo, Hurl\u00e9 prods. informa que da cumplimiento a la Ley 34\/2002 de 11 de julio, de Servicios de la Sociedad de la Informaci\u00f3n y el Comercio Electr\u00f3nico y le solicitar\u00e1 su consentimiento al USUARIO para el tratamiento de su correo electr\u00f3nico si se quisiera utilizar con fines comerciales.<\/p>\n<p>En cumplimiento de lo establecido en la normativa, le informamos de que los datos suministrados, as\u00ed como aquellos datos derivados de su navegaci\u00f3n, podr\u00e1n ser almacenados en los ficheros de Hurl\u00e9 prods. y tratados para la finalidad de atender su solicitud y el mantenimiento de la relaci\u00f3n que se establezca en los formularios que complete.<\/p>\n<p>Adicionalmente, el USUARIO consiente el tratamiento de sus datos con la finalidad de contestar a los comentarios o dudas que se hayan realizado desde hurleprods.com.<\/p>\n<p>En caso de no autorizar el tratamiento de sus datos con la finalidad se\u00f1alada anteriormente, el USUARIO podr\u00e1 ejercer su derecho de oposici\u00f3n al tratamiento de sus datos en los t\u00e9rminos y condiciones previstos m\u00e1s adelante en el apartado \u201cEjercicio de Derechos\u201d<\/p>\n<p><strong>4. MEDIDAS DE SEGURIDAD<\/strong><\/p>\n<p>Hurl\u00e9 prods. le informa que tiene implantadas las medidas de seguridad de \u00edndole t\u00e9cnica y organizativas necesarias para garantizar la seguridad de sus datos de car\u00e1cter personal y evitar su alteraci\u00f3n, p\u00e9rdida y tratamiento y\/o acceso no autorizado, habida cuenta del estado de la tecnolog\u00eda, la naturaleza de los datos almacenados y los riesgos a que est\u00e1n expuestos, ya provengan de la acci\u00f3n humana o del medio f\u00edsico o natural. Todo ello de conformidad con lo previsto en el RGPD.<\/p>\n<p>Asimismo, Hurl\u00e9 prods. ha establecido medidas adicionales en orden a reforzar la confidencialidad e integridad de la informaci\u00f3n en su organizaci\u00f3n, manteniendo continuamente la supervisi\u00f3n, control y evaluaci\u00f3n de los procesos para asegurar el respeto a la privacidad de los datos.<\/p>\n<p><strong>5. EJERCICIO DE DERECHOS<\/strong><\/p>\n<p>Aquellas personas f\u00edsicas que hayan facilitado sus datos a trav\u00e9s de https:\/\/www.hurleprods.com podr\u00e1n dirigirse al titular de la misma con el fin de poder ejercitar gratuitamente sus derechos de acceso a sus datos, rectificaci\u00f3n o supresi\u00f3n, limitaci\u00f3n y oposici\u00f3n respecto de los datos incorporados en sus ficheros.<\/p>\n<p>El m\u00e9todo m\u00e1s r\u00e1pido y sencillo ser\u00eda contactando con nosotros por correo electr\u00f3nico a constancehurle@gmail.com. Cualquier informaci\u00f3n que necesitemos almacenar, en virtud de una obligaci\u00f3n legal o contractual, ser\u00e1 bloqueada y solo utilizada para dichos fines en lugar de ser borrada.<\/p>\n<p>El interesado podr\u00e1 ejercitar sus derechos mediante comunicaci\u00f3n por escrito dirigida a Hurl\u00e9 prods. con la referencia \u201cProtecci\u00f3n de datos\u201d, especificando sus datos, acreditando su identidad y los motivos de su solicitud en la siguiente direcci\u00f3n:<\/p>\n<p>Constanza Garabatos Funes<br \/>\n39459584W<\/p>\n<p>Tambi\u00e9n podr\u00e1 ejercitar los derechos a trav\u00e9s del correo electr\u00f3nico: constancehurle@gmail.com<\/p>\n<p><strong>6. LINKS O ENLACES EXTERNOS<\/strong><\/p>\n<p>Como un servicio a nuestros visitantes, nuestro sitio web puede incluir hiperv\u00ednculos a otros sitios que no son operados o controlados por el Sitio Web. Por ello hurleprods.com no garantiza ni se hace responsable de la licitud, fiabilidad, utilidad, veracidad y actualidad de los contenidos de tales sitios web o de sus pr\u00e1cticas de privacidad. Por favor, antes de proporcionar su informaci\u00f3n personal a estos sitios web ajenos a hurleprods.com, tenga en cuenta que sus pr\u00e1cticas de privacidad pueden diferir de las nuestras.<\/p>\n<p>El \u00fanico objeto de los enlaces es proporcionar al Usuario la posibilidad de acceder a dichos enlaces y acceder a informaci\u00f3n \u00fatil, aunque hurleprods.com no ofrece ni comercializa por s\u00ed ni por medio de terceros la informaci\u00f3n, contenidos y servicios disponibles en los sitios enlazados, ni aprueba, supervisa o controla en modo alguno los contenidos y servicios y cualquier material de cualquier naturaleza existente en los mismos. hurleprods.com no se responsabiliza en ning\u00fan caso de los resultados que puedan derivarse al Usuario por acceso a dichos enlaces.<\/p>\n<p><strong>7. MODIFICACI\u00d3N DE LA POL\u00cdTICA DE PRIVACIDAD<\/strong><\/p>\n<p>Hurl\u00e9 prods. se reserva el derecho a modificar su Pol\u00edtica de Privacidad, de acuerdo a su propio criterio, motivado por un cambio legislativo, jurisprudencial o doctrinal de la Agencia Espa\u00f1ola de Protecci\u00f3n de Datos.<\/p>\n<p>Cualquier modificaci\u00f3n de la Pol\u00edtica de Privacidad ser\u00e1 publicada al menos diez d\u00edas antes de su efectiva aplicaci\u00f3n. El uso de hurleprods.com despu\u00e9s de dichos cambios, implicar\u00e1 la aceptaci\u00f3n de los mismos.<\/p>\n<p><strong>8. RESPONSABLE DEL FICHERO Y ENCARGADOS DEL TRATAMIENTO<\/strong><\/p>\n<p>El responsable del fichero de datos es Hurl\u00e9 prods.<\/p>\n<p>Como encargados de tratamiento ajenos al citado responsable:<\/p>\n<p>Hurl\u00e9 prods. ha contratado los servicios de Hosting a 1&amp;1 Internet Espa\u00f1a S.L.U., con domicilio social en Avenida de La Vega, 1 \u2013 Edificio Veganova (Edif.3 planta 5\u00ba puerta C) 28108 Alcobendas (Madrid) Espa\u00f1a, Inscrita en el Registro Mercantil de Madrid, Tomo: 24.232, Libro 0, Folio 73, Secci\u00f3n 8, Hoja M-435500, Inscripci\u00f3n 1. con C.I.F.: B85049435 , que proporciona los servicios de hosting de hurleprods.com. Se puede consultar la pol\u00edtica de privacidad y dem\u00e1s aspectos legales de dicha compa\u00f1\u00eda en el siguiente enlace: https:\/\/www.1and1.es\/terms-gtc\/condiciones-generales\/<\/p>\n<p><strong>9. SERVICIOS OFRECIDOS POR TERCEROS EN ESTA WEB.<\/strong><\/p>\n<p>Para prestar servicios estrictamente necesarios para el desarrollo de su actividad, hurleprods.com utiliza los siguientes prestadores bajo sus correspondientes condiciones de privacidad.<\/p>\n<p>\u2022 Hosting: 1and1<br \/>\n\u2022 Plataforma web: WordPress.Org<br \/>\n\u2022 Plugin para el formulario de contacto: Elementor<br \/>\n\u2022 Privacidad de fuentes de rastreo utilizadas en este sitio: Google (Analytics)<\/p>\n<p>En hurleprods.com tambi\u00e9n se estudian las preferencias de sus usuarios, sus caracter\u00edsticas demogr\u00e1ficas, sus patrones de tr\u00e1fico y otra informaci\u00f3n en conjunto para comprender mejor qui\u00e9nes constituyen nuestra audiencia y qu\u00e9 es lo que necesita. El rastreo de las preferencias de nuestros usuarios tambi\u00e9n nos ayuda a mejorar la navegabilidad de nuestra p\u00e1gina web y nuestros contenidos.<\/p>\n<p>El usuario y, en general, cualquier persona f\u00edsica o jur\u00eddica, podr\u00e1 establecer un hiperenlace o dispositivo t\u00e9cnico de enlace (por ejemplo, links o botones) desde su sitio web a hurleprods.com (el \u201cHiperenlace\u201c). El establecimiento del Hiperenlace no implica en ning\u00fan caso la existencia de relaciones entre hurleprods.com y el propietario del sitio o de la p\u00e1gina web en la que se establezca el Hiperenlace, ni la aceptaci\u00f3n o aprobaci\u00f3n por parte de hurleprods.com de sus contenidos o servicios. En todo caso, hurleprods.com se reserva el derecho de prohibir o inutilizar en cualquier momento cualquier Hiperenlace al Sitio Web.<\/p>\n<p><strong>10. \u00bf NO DESEAS RECIBIR INFORMACI\u00d3N NUESTRA O DESEAS REVOCAR TU CONSENTIMIENTO?<\/strong><\/p>\n<p>De conformidad con lo dispuesto en la Ley 34\/20023, de 11 de junio de Servicios de la Sociedad de la Informaci\u00f3n y del Comercio Electr\u00f3nico puedes oponerte al uso de tu informaci\u00f3n para fines publicitarios, investigaciones de mercado o desarrollo de encuestas de satisfacci\u00f3n en cualquier momento, as\u00ed como revocar tu consentimiento en cualquier momento (sin efecto retroactivo).<\/p>\n<p>Para ello, deber\u00e1s enviar un correo electr\u00f3nico a la direcci\u00f3n constancehurle@gmail.com.<\/p>\n<p>Por favor, ten en cuenta que nuestros sistemas pueden requerir un lapso de tiempo que en ning\u00fan caso superar\u00e1 48 horas para que tu oposici\u00f3n o revocaci\u00f3n se hagan efectivas, entendi\u00e9ndose que durante dicho periodo de tiempo puedes seguir recibiendo mensajes.<\/p>\n<p>El usuario podr\u00e1 acceder a las pol\u00edticas de privacidad de cada Red Social, as\u00ed como configurar su perfil para garantizar tu privacidad.<\/p>\n<p>Facebook:\u00a0<a href=\"https:\/\/www.facebook.com\/help\/323540651073243\/\">https:\/\/www.facebook.com\/help\/323540651073243\/<\/a><br \/>\nInstagram:\u00a0<a href=\"https:\/\/help.instagram.com\/155833707900388\">https:\/\/help.instagram.com\/155833707900388<\/a><\/p>\n<p><strong>11. SISTEMAS DE CAPTURA DE DATOS PERSONALES Y SU FINALIDAD<\/strong><\/p>\n<p>1) Formularios de contacto: dentro de la web existe un formulario de contacto (en la p\u00e1gina contacto) que nos hace llegar directamente el contenido del mismo a nuestro correo electr\u00f3nico de gmail y a su vez almacenar\u00e1 los datos en nuestra base de datos contratada con 1&amp;1. El uso de los datos recabados en dicho formulario ser\u00e1 \u00fanicamente el de contestar a las dudas o comentarios que en este se planteen.<\/p>\n<p>2) Cookies: Cuando el usuario navega en esta web, se almacenan \u201ccookies\u201d. El usuario puede consultar en cualquier momento la pol\u00edtica de cookies para ampliar informaci\u00f3n sobre el uso de cookies y como desactivarlas.<\/p>\n<p>3) Sistemas de rastreo utilizadas en este sitio: Google (Analytics). En hurleprods.com tambi\u00e9n se estudian las preferencias de sus usuarios, sus caracter\u00edsticas demogr\u00e1ficas, sus patrones de tr\u00e1fico, y otra informaci\u00f3n en conjunto para comprender mejor qui\u00e9nes constituyen su audiencia y qu\u00e9 es lo que esta necesita. El rastreo de las preferencias de nuestros usuarios tambi\u00e9n nos ayuda a mostrarle los avisos publicitarios m\u00e1s relevantes.<\/p>\n<p>No vamos a compartir, vender, alquilar tu informaci\u00f3n personal con otras partes.<\/p>\n<p><strong>12. PLUGINS SOCIALES.<\/strong><\/p>\n<p>En nuestra p\u00e1gina web te ofrecemos enlaces y servicios relacionados con las diferentes redes sociales ( p.ej \u201cMe gusta\u201d de Facebook). Si eres miembro de una red social y haces clic sobre el correspondiente enlace, el proveedor de la red social podr\u00e1 enlazar tus datos de perfil con la informaci\u00f3n en tu visita a dicha p\u00e1gina web.<\/p>\n<p>Por tanto, es conveniente informarte de las funciones y pol\u00edticas sobre el tratamiento de datos personales de la respectiva red social, si accedes a una de nuestras p\u00e1ginas web con alguno de tus perfiles en redes sociales o compartes informaci\u00f3n a trav\u00e9s de ellos.<\/p>\n<p>Puedes acceder en todo momento a las pol\u00edticas de privacidad de las diferentes redes sociales, as\u00ed como configurar tu perfil para garantizar tu privacidad. Te animamos a familiarizarte con las condiciones de uso de dichas redes sociales antes de comenzar a usarlas:<\/p>\n<p>Facebook: https:\/\/www.facebook.com\/help\/323540651073243\/<br \/>\nInstagram: https:\/\/help.instagram.com\/155833707900388<\/p>\n<p><strong>13. ACEPTACI\u00d3N, CONSENTIMIENTO Y REVOCABILIDAD<\/strong><\/p>\n<p>El Usuario declara haber sido informado de las condiciones sobre protecci\u00f3n de datos de car\u00e1cter personal, aceptando y consintiendo el tratamiento de los mismos por parte de Hurl\u00e9 prods. en la forma y para las finalidades indicadas en el aviso legal.<\/p>\n<p>En cualquier momento podr\u00e1 revocar sus datos, pero siempre sin car\u00e1cter retroactivo.<\/p>\n<p><strong>14. CAMBIOS EN LA PRESENTE POL\u00cdTICA DE PRIVACIDAD<\/strong><\/p>\n<p>Hurl\u00e9 prods. se reserva el derecho a modificar la presente pol\u00edtica para adaptarla a novedades legislativas o jurisprudenciales as\u00ed como a pr\u00e1cticas de la industria. En dichos supuestos, el Prestador anunciar\u00e1 en esta p\u00e1gina los cambios introducidos con razonable antelaci\u00f3n a su puesta en pr\u00e1ctica.<\/p>\n<\/div>\n<\/div>\n","protected":false},"excerpt":{"rendered":"<p>Pol\u00edtica de Privacidad De conformidad con lo dispuesto en la Ley Org\u00e1nica 15\/1999 de Protecci\u00f3n de Datos de Car\u00e1cter Personal, mediante la aceptaci\u00f3n de la presente Pol\u00edtica de Privacidad prestas&#8230;<\/p>\n","protected":false},"author":2,"featured_media":0,"parent":0,"menu_order":0,"comment_status":"closed","ping_status":"closed","template":"","meta":{"footnotes":""},"class_list":["post-8017","page","type-page","status-publish"],"yoast_head":"<!-- This site is optimized with the Yoast SEO plugin v27.3 - https:\/\/yoast.com\/product\/yoast-seo-wordpress\/ -->\n<title>Pol\u00edtica de Privacidade - Constance Hurl\u00e9<\/title>\n<meta name=\"robots\" content=\"index, follow, max-snippet:-1, max-image-preview:large, max-video-preview:-1\" \/>\n<link rel=\"canonical\" href=\"https:\/\/constancehurle.com\/es\/politica-de-privacidade\/\" \/>\n<meta property=\"og:locale\" content=\"es_ES\" \/>\n<meta property=\"og:type\" content=\"article\" \/>\n<meta property=\"og:title\" content=\"Pol\u00edtica de Privacidade - Constance Hurl\u00e9\" \/>\n<meta property=\"og:description\" content=\"Pol\u00edtica de Privacidad De conformidad con lo dispuesto en la Ley Org\u00e1nica 15\/1999 de Protecci\u00f3n de Datos de Car\u00e1cter Personal, mediante la aceptaci\u00f3n de la presente Pol\u00edtica de Privacidad prestas...\" \/>\n<meta property=\"og:url\" content=\"https:\/\/constancehurle.com\/es\/politica-de-privacidade\/\" \/>\n<meta property=\"og:site_name\" content=\"Constance Hurl\u00e9\" \/>\n<meta name=\"twitter:card\" content=\"summary_large_image\" \/>\n<meta name=\"twitter:label1\" content=\"Tiempo de lectura\" \/>\n\t<meta name=\"twitter:data1\" content=\"12 minutos\" \/>\n<script type=\"application\/ld+json\" class=\"yoast-schema-graph\">{\"@context\":\"https:\\\/\\\/schema.org\",\"@graph\":[{\"@type\":\"WebPage\",\"@id\":\"https:\\\/\\\/constancehurle.com\\\/es\\\/politica-de-privacidade\\\/\",\"url\":\"https:\\\/\\\/constancehurle.com\\\/es\\\/politica-de-privacidade\\\/\",\"name\":\"Pol\u00edtica de Privacidade - Constance Hurl\u00e9\",\"isPartOf\":{\"@id\":\"https:\\\/\\\/constancehurle.com\\\/#website\"},\"datePublished\":\"2023-12-07T13:18:39+00:00\",\"breadcrumb\":{\"@id\":\"https:\\\/\\\/constancehurle.com\\\/es\\\/politica-de-privacidade\\\/#breadcrumb\"},\"inLanguage\":\"es\",\"potentialAction\":[{\"@type\":\"ReadAction\",\"target\":[\"https:\\\/\\\/constancehurle.com\\\/es\\\/politica-de-privacidade\\\/\"]}]},{\"@type\":\"BreadcrumbList\",\"@id\":\"https:\\\/\\\/constancehurle.com\\\/es\\\/politica-de-privacidade\\\/#breadcrumb\",\"itemListElement\":[{\"@type\":\"ListItem\",\"position\":1,\"name\":\"Portada\",\"item\":\"https:\\\/\\\/constancehurle.com\\\/es\\\/\"},{\"@type\":\"ListItem\",\"position\":2,\"name\":\"Pol\u00edtica de Privacidade\"}]},{\"@type\":\"WebSite\",\"@id\":\"https:\\\/\\\/constancehurle.com\\\/#website\",\"url\":\"https:\\\/\\\/constancehurle.com\\\/\",\"name\":\"Constance Hurl\u00e9\",\"description\":\"Poetry - Performance - Dramatist\",\"potentialAction\":[{\"@type\":\"SearchAction\",\"target\":{\"@type\":\"EntryPoint\",\"urlTemplate\":\"https:\\\/\\\/constancehurle.com\\\/?s={search_term_string}\"},\"query-input\":{\"@type\":\"PropertyValueSpecification\",\"valueRequired\":true,\"valueName\":\"search_term_string\"}}],\"inLanguage\":\"es\"}]}<\/script>\n<!-- \/ Yoast SEO plugin. -->","yoast_head_json":{"title":"Pol\u00edtica de Privacidade - Constance Hurl\u00e9","robots":{"index":"index","follow":"follow","max-snippet":"max-snippet:-1","max-image-preview":"max-image-preview:large","max-video-preview":"max-video-preview:-1"},"canonical":"https:\/\/constancehurle.com\/es\/politica-de-privacidade\/","og_locale":"es_ES","og_type":"article","og_title":"Pol\u00edtica de Privacidade - Constance Hurl\u00e9","og_description":"Pol\u00edtica de Privacidad De conformidad con lo dispuesto en la Ley Org\u00e1nica 15\/1999 de Protecci\u00f3n de Datos de Car\u00e1cter Personal, mediante la aceptaci\u00f3n de la presente Pol\u00edtica de Privacidad prestas...","og_url":"https:\/\/constancehurle.com\/es\/politica-de-privacidade\/","og_site_name":"Constance Hurl\u00e9","twitter_card":"summary_large_image","twitter_misc":{"Tiempo de lectura":"12 minutos"},"schema":{"@context":"https:\/\/schema.org","@graph":[{"@type":"WebPage","@id":"https:\/\/constancehurle.com\/es\/politica-de-privacidade\/","url":"https:\/\/constancehurle.com\/es\/politica-de-privacidade\/","name":"Pol\u00edtica de Privacidade - Constance Hurl\u00e9","isPartOf":{"@id":"https:\/\/constancehurle.com\/#website"},"datePublished":"2023-12-07T13:18:39+00:00","breadcrumb":{"@id":"https:\/\/constancehurle.com\/es\/politica-de-privacidade\/#breadcrumb"},"inLanguage":"es","potentialAction":[{"@type":"ReadAction","target":["https:\/\/constancehurle.com\/es\/politica-de-privacidade\/"]}]},{"@type":"BreadcrumbList","@id":"https:\/\/constancehurle.com\/es\/politica-de-privacidade\/#breadcrumb","itemListElement":[{"@type":"ListItem","position":1,"name":"Portada","item":"https:\/\/constancehurle.com\/es\/"},{"@type":"ListItem","position":2,"name":"Pol\u00edtica de Privacidade"}]},{"@type":"WebSite","@id":"https:\/\/constancehurle.com\/#website","url":"https:\/\/constancehurle.com\/","name":"Constance Hurl\u00e9","description":"Poetry - Performance - Dramatist","potentialAction":[{"@type":"SearchAction","target":{"@type":"EntryPoint","urlTemplate":"https:\/\/constancehurle.com\/?s={search_term_string}"},"query-input":{"@type":"PropertyValueSpecification","valueRequired":true,"valueName":"search_term_string"}}],"inLanguage":"es"}]}},"_links":{"self":[{"href":"https:\/\/constancehurle.com\/es\/wp-json\/wp\/v2\/pages\/8017","targetHints":{"allow":["GET"]}}],"collection":[{"href":"https:\/\/constancehurle.com\/es\/wp-json\/wp\/v2\/pages"}],"about":[{"href":"https:\/\/constancehurle.com\/es\/wp-json\/wp\/v2\/types\/page"}],"author":[{"embeddable":true,"href":"https:\/\/constancehurle.com\/es\/wp-json\/wp\/v2\/users\/2"}],"replies":[{"embeddable":true,"href":"https:\/\/constancehurle.com\/es\/wp-json\/wp\/v2\/comments?post=8017"}],"version-history":[{"count":0,"href":"https:\/\/constancehurle.com\/es\/wp-json\/wp\/v2\/pages\/8017\/revisions"}],"wp:attachment":[{"href":"https:\/\/constancehurle.com\/es\/wp-json\/wp\/v2\/media?parent=8017"}],"curies":[{"name":"wp","href":"https:\/\/api.w.org\/{rel}","templated":true}]}}