{"id":7705,"date":"2022-11-09T12:35:10","date_gmt":"2022-11-09T11:35:10","guid":{"rendered":"https:\/\/constancehurle.com\/bio-constance-hurle\/"},"modified":"2025-11-13T11:27:24","modified_gmt":"2025-11-13T10:27:24","slug":"bio-constance-hurle","status":"publish","type":"page","link":"https:\/\/constancehurle.com\/es\/bio-constance-hurle\/","title":{"rendered":"Bio Constance Hurl\u00e9"},"content":{"rendered":"[vc_row type=\u00bbfull_width_background\u00bb full_screen_row_position=\u00bbmiddle\u00bb column_margin=\u00bbdefault\u00bb equal_height=\u00bbyes\u00bb content_placement=\u00bbmiddle\u00bb column_direction=\u00bbdefault\u00bb column_direction_tablet=\u00bbdefault\u00bb column_direction_phone=\u00bbdefault\u00bb bg_color=\u00bb#000000&#8243; scene_position=\u00bbcenter\u00bb top_padding=\u00bb3%\u00bb bottom_padding=\u00bb3%\u00bb top_padding_tablet=\u00bb8%\u00bb bottom_padding_tablet=\u00bb8%\u00bb text_color=\u00bbdark\u00bb text_align=\u00bbleft\u00bb row_border_radius=\u00bbnone\u00bb row_border_radius_applies=\u00bbbg\u00bb overflow=\u00bbvisible\u00bb id=\u00bbhome\u00bb overlay_strength=\u00bb0.5&#8243; gradient_direction=\u00bbtop_to_bottom\u00bb shape_divider_position=\u00bbbottom\u00bb bg_image_animation=\u00bbnone\u00bb shape_type=\u00bbstraight_section\u00bb][vc_column column_padding=\u00bbno-extra-padding\u00bb column_padding_tablet=\u00bbinherit\u00bb column_padding_phone=\u00bbinherit\u00bb column_padding_position=\u00bball\u00bb top_margin=\u00bb0&#8243; constrain_group_1=\u00bbyes\u00bb bottom_margin=\u00bb0&#8243; left_margin_tablet=\u00bbauto\u00bb right_margin_tablet=\u00bbauto\u00bb left_margin_phone=\u00bbauto\u00bb right_margin_phone=\u00bbauto\u00bb column_element_spacing=\u00bbdefault\u00bb background_color_opacity=\u00bb1&#8243; background_hover_color_opacity=\u00bb1&#8243; column_shadow=\u00bbnone\u00bb column_border_radius=\u00bbnone\u00bb column_link_target=\u00bb_self\u00bb column_position=\u00bbdefault\u00bb max_width_tablet=\u00bb600&#8243; max_width_phone=\u00bb420px\u00bb gradient_direction=\u00bbleft_to_right\u00bb overlay_strength=\u00bb0.5&#8243; width=\u00bb1\/1&#8243; tablet_width_inherit=\u00bbdefault\u00bb tablet_text_alignment=\u00bbdefault\u00bb phone_text_alignment=\u00bbdefault\u00bb animation_type=\u00bbdefault\u00bb bg_image_animation=\u00bbnone\u00bb border_type=\u00bbsimple\u00bb column_border_width=\u00bbnone\u00bb column_border_style=\u00bbsolid\u00bb offset=\u00bbvc_col-xs-12&#8243;][vc_column_text css_animation=\u00bbnone\u00bb css=\u00bb.vc_custom_1667993759410{margin-bottom: 10px !important;}\u00bb el_class=\u00bbtextoblanco\u00bb]\n<h2 style=\"text-align: left;\">Constance Hurl\u00e9<\/h2>\n[\/vc_column_text][vc_column_text css_animation=\u00bbnone\u00bb css=\u00bb.vc_custom_1667993843626{margin-bottom: 20px !important;}\u00bb el_class=\u00bbtextoblanco\u00bb]\n<h3 style=\"text-align: left;\">BIO<\/h3>\n[\/vc_column_text][\/vc_column][\/vc_row][vc_row type=\u00bbfull_width_background\u00bb full_screen_row_position=\u00bbmiddle\u00bb column_margin=\u00bbdefault\u00bb column_direction=\u00bbdefault\u00bb column_direction_tablet=\u00bbdefault\u00bb column_direction_phone=\u00bbdefault\u00bb bg_color=\u00bb#000000&#8243; scene_position=\u00bbcenter\u00bb top_padding=\u00bb0px\u00bb bottom_padding=\u00bb0px\u00bb bottom_margin=\u00bb0px\u00bb text_color=\u00bbdark\u00bb text_align=\u00bbleft\u00bb row_border_radius=\u00bbnone\u00bb row_border_radius_applies=\u00bbbg\u00bb overflow=\u00bbvisible\u00bb advanced_gradient_angle=\u00bb0&#8243; overlay_strength=\u00bb0.3&#8243; gradient_direction=\u00bbleft_to_right\u00bb shape_divider_position=\u00bbbottom\u00bb bg_image_animation=\u00bbnone\u00bb gradient_type=\u00bbdefault\u00bb shape_type=\u00bb\u00bb][vc_column column_padding=\u00bbno-extra-padding\u00bb column_padding_tablet=\u00bbinherit\u00bb column_padding_phone=\u00bbinherit\u00bb column_padding_position=\u00bball\u00bb column_element_spacing=\u00bbdefault\u00bb background_color_opacity=\u00bb1&#8243; background_hover_color_opacity=\u00bb1&#8243; column_shadow=\u00bbnone\u00bb column_border_radius=\u00bbnone\u00bb column_link_target=\u00bb_self\u00bb column_position=\u00bbdefault\u00bb gradient_direction=\u00bbleft_to_right\u00bb overlay_strength=\u00bb0.3&#8243; width=\u00bb1\/1&#8243; tablet_width_inherit=\u00bbdefault\u00bb tablet_text_alignment=\u00bbdefault\u00bb phone_text_alignment=\u00bbdefault\u00bb animation_type=\u00bbdefault\u00bb bg_image_animation=\u00bbnone\u00bb border_type=\u00bbsimple\u00bb column_border_width=\u00bbnone\u00bb column_border_style=\u00bbsolid\u00bb][image_with_animation image_url=\u00bb7635&#8243; image_size=\u00bbcustom\u00bb animation_type=\u00bbentrance\u00bb animation=\u00bbNone\u00bb hover_animation=\u00bbnone\u00bb alignment=\u00bb\u00bb border_radius=\u00bbnone\u00bb box_shadow=\u00bbnone\u00bb image_loading=\u00bbdefault\u00bb max_width=\u00bb100%\u00bb max_width_mobile=\u00bbdefault\u00bb custom_image_size=\u00bb50px\u00bb margin_bottom=\u00bb0px\u00bb][\/vc_column][\/vc_row][vc_row type=\u00bbfull_width_background\u00bb full_screen_row_position=\u00bbmiddle\u00bb column_margin=\u00bb40px\u00bb equal_height=\u00bbyes\u00bb content_placement=\u00bbmiddle\u00bb column_direction=\u00bbdefault\u00bb column_direction_tablet=\u00bbdefault\u00bb column_direction_phone=\u00bbdefault\u00bb scene_position=\u00bbcenter\u00bb top_padding=\u00bb60px\u00bb bottom_padding=\u00bb60px\u00bb top_padding_tablet=\u00bb8%\u00bb bottom_padding_tablet=\u00bb8%\u00bb text_color=\u00bbdark\u00bb text_align=\u00bbleft\u00bb row_border_radius=\u00bbnone\u00bb row_border_radius_applies=\u00bbbg\u00bb overflow=\u00bbvisible\u00bb id=\u00bbhome\u00bb advanced_gradient_angle=\u00bb0&#8243; overlay_strength=\u00bb0.5&#8243; gradient_direction=\u00bbtop_to_bottom\u00bb shape_divider_position=\u00bbbottom\u00bb bg_image_animation=\u00bbnone\u00bb shape_type=\u00bbstraight_section\u00bb gradient_type=\u00bbdefault\u00bb][vc_column column_padding=\u00bbno-extra-padding\u00bb column_padding_tablet=\u00bbinherit\u00bb column_padding_phone=\u00bbinherit\u00bb column_padding_position=\u00bball\u00bb top_margin=\u00bb0&#8243; constrain_group_1=\u00bbyes\u00bb bottom_margin=\u00bb0&#8243; left_margin_tablet=\u00bbauto\u00bb right_margin_tablet=\u00bbauto\u00bb left_margin_phone=\u00bbauto\u00bb right_margin_phone=\u00bbauto\u00bb column_element_spacing=\u00bbdefault\u00bb background_color_opacity=\u00bb1&#8243; background_hover_color_opacity=\u00bb1&#8243; column_shadow=\u00bbnone\u00bb column_border_radius=\u00bbnone\u00bb column_link_target=\u00bb_self\u00bb column_position=\u00bbdefault\u00bb max_width_tablet=\u00bb600&#8243; max_width_phone=\u00bb420px\u00bb gradient_direction=\u00bbleft_to_right\u00bb overlay_strength=\u00bb0.5&#8243; width=\u00bb1\/1&#8243; tablet_width_inherit=\u00bbdefault\u00bb tablet_text_alignment=\u00bbdefault\u00bb phone_text_alignment=\u00bbdefault\u00bb animation_type=\u00bbdefault\u00bb bg_image_animation=\u00bbnone\u00bb border_type=\u00bbsimple\u00bb column_border_width=\u00bbnone\u00bb column_border_style=\u00bbsolid\u00bb offset=\u00bbvc_col-xs-12&#8243;][vc_row_inner equal_height=\u00bbyes\u00bb content_placement=\u00bbtop\u00bb column_margin=\u00bb60px\u00bb column_direction=\u00bbdefault\u00bb column_direction_tablet=\u00bbdefault\u00bb column_direction_phone=\u00bbdefault\u00bb bottom_padding=\u00bb0&#8243; text_align=\u00bbleft\u00bb row_position=\u00bbdefault\u00bb row_position_tablet=\u00bbinherit\u00bb row_position_phone=\u00bbinherit\u00bb overflow=\u00bbvisible\u00bb pointer_events=\u00bball\u00bb min_width=\u00bb47vh\u00bb][vc_column_inner column_padding=\u00bbno-extra-padding\u00bb column_padding_tablet=\u00bbinherit\u00bb column_padding_phone=\u00bbinherit\u00bb column_padding_position=\u00bball\u00bb bottom_margin=\u00bb50px\u00bb column_element_spacing=\u00bbdefault\u00bb background_color_opacity=\u00bb1&#8243; background_hover_color_opacity=\u00bb1&#8243; column_shadow=\u00bbnone\u00bb column_border_radius=\u00bbnone\u00bb column_link_target=\u00bb_self\u00bb advanced_gradient_angle=\u00bb0&#8243; gradient_direction=\u00bbleft_to_right\u00bb overlay_strength=\u00bb0.3&#8243; width=\u00bb1\/2&#8243; tablet_width_inherit=\u00bbdefault\u00bb animation_type=\u00bbdefault\u00bb enable_animation=\u00bbtrue\u00bb animation=\u00bbfade-in-from-bottom\u00bb bg_image_animation=\u00bbnone\u00bb border_type=\u00bbsimple\u00bb column_border_width=\u00bbnone\u00bb column_border_style=\u00bbsolid\u00bb enable_border_animation=\u00bbtrue\u00bb gradient_type=\u00bbdefault\u00bb][vc_column_text]\n<p align=\"left\">Licenciada en filolog\u00eda cl\u00e1sica por la Universidad de Santiago de Compostela y titulada en el <strong>M\u00e1ster en Investigaci\u00f3n en Estudios del Teatro<\/strong> por la Universidad Aut\u00f3noma de Barcelona.<\/p>\n<p align=\"left\">En el plano te\u00f3rico particip\u00f3 y asisti\u00f3 a congresos de artes esc\u00e9nicas de forma activa y form\u00f3 parte del Congreso Internacional para J\u00f3venes Investigadores de Estudios del Teatro, en el a\u00f1o 2018. Tiene una l\u00ednea de investigaci\u00f3n te\u00f3rico-pr\u00e1ctica que parte de la premisa del teatro danza como herramienta para el autoconocimiento.<\/p>\n<p align=\"left\">Comienza desde muy peque\u00f1a haciendo teatro y a lo largo de su vida pasar\u00e1 por diferentes disciplinas y escuelas de artes esc\u00e9nicas y danza, destacando la Escuela Integral del Creador Esc\u00e9nico Vladimir Tzekov en Granada y A Art\u00edstica Vigo con Olga Cameselle. Se form\u00f3 de manera alternativa y asisti\u00f3 a diversos festivales de danza como el Herdanza en Santiago de Compostela (2017), u otros talleres monogr\u00e1ficos con personas como Janusz Subicz en Barcelona (2016). Particip\u00f3 en la escenificaci\u00f3n de la pieza <em><strong>Dancers<\/strong><\/em>de Sonia G\u00f3mez, en el <em>Festival Corpo a Terra<\/em> en Ourense (2017), tras asistir a las aulas de danza del festival. Est\u00e1 constantemente form\u00e1ndose en disciplinas del movimiento.<\/p>\n<p align=\"left\">Colabor\u00f3 como bailarina en el videoclip <em><strong>Palmira<\/strong><\/em> de Fixe tr\u00edo (2023), <em><strong>Charleston<\/strong><\/em>de los Alley Stompers (2016) as\u00ed como protragonista en el videoclip del \u201csingle\u201d <em><strong>Doce Badaladas<\/strong><\/em>, del grupo Al\u00eam (2021), adem\u00e1s de su participaci\u00f3n como modelo en la muestra de fotograf\u00eda <em><strong>What do you<\/strong><\/em> <strong><em>see? <\/em><\/strong>de Erdie J.(2015).<\/p>\n<p align=\"left\">En el plano sociopol\u00edtico, se manifiesta a trav\u00e9s del arte colaborando con diversos proyectos, entre los que destaca su paso por el grupo de acci\u00f3n <em>As ghatas salvaxes<\/em> y el <em>Colectivo Espazo Corpo<\/em>.<\/p>\n<p align=\"left\">Se inicia en el microteatro con una micro pieza llamada<em><strong>No derradeiro minuto<\/strong><\/em> (Santiago de Compostela, 2010) a la que seguir\u00e1 el mon\u00f3logo dram\u00e1tico <em><strong>El d\u00eda despu\u00e9s<\/strong><\/em>(Granada, 2014). En el a\u00f1o 2012, recibe una ayuda de la USC para la produci\u00f3n de <em><strong>Nefelococigia: a cidade das nubes e dos cucos<\/strong><\/em> (Santiago, 2012) dentro del marco del teatro universitario.<\/p>\n[\/vc_column_text][\/vc_column_inner][vc_column_inner column_padding=\u00bbno-extra-padding\u00bb column_padding_tablet=\u00bbinherit\u00bb column_padding_phone=\u00bbinherit\u00bb column_padding_position=\u00bball\u00bb column_element_spacing=\u00bbdefault\u00bb background_color_opacity=\u00bb1&#8243; background_hover_color_opacity=\u00bb1&#8243; column_shadow=\u00bbnone\u00bb column_border_radius=\u00bbnone\u00bb column_link_target=\u00bb_self\u00bb advanced_gradient_angle=\u00bb0&#8243; gradient_direction=\u00bbleft_to_right\u00bb overlay_strength=\u00bb0.3&#8243; width=\u00bb1\/2&#8243; tablet_width_inherit=\u00bbdefault\u00bb animation_type=\u00bbdefault\u00bb bg_image_animation=\u00bbnone\u00bb border_type=\u00bbsimple\u00bb column_border_width=\u00bbnone\u00bb column_border_style=\u00bbsolid\u00bb gradient_type=\u00bbdefault\u00bb][vc_column_text]\n<p align=\"left\">Su primer proyecto po\u00e9tico musical es <em><strong>A maz\u00e1 de Rosal\u00eda<\/strong><\/em> (Vigo, 2016) con el guitarrista David J\u00e1come. Trabaj\u00f3 con Rui Grenha en los dos conciertos po\u00e9ticos bic in progre[s] (Barcelona, 2017), en los cuales colabor\u00f3 el contrabajista Alexandre Touceda, y hacialaluz (Vigo, 2019), con la publicaci\u00f3n de sendos poemarios y la grabaci\u00f3n de un disco en el que cont\u00f3 con la colaboraci\u00f3n de Rub\u00e9n Fern\u00e1ndez (voz), Ricardo D\u00edaz (contrabajo), Javier Pereiro \u201cGdjazz\u201d (trompeta) y Xis Tr\u00edo.<\/p>\n<p align=\"left\">Hace literatura como medio de expresi\u00f3n de las emociones y cr\u00edtica social. Conjuga poes\u00eda y escena navegando por los g\u00e9neros h\u00edbridos, con performances como <em><strong>Poes\u00eda performativa<\/strong><\/em> (Vigo, 2017), <em><strong>V\u00edsceras Po\u00e9ticas<\/strong><\/em> (Mand\u00edn, 2021) o <em><strong>Vol\u00e1til<\/strong><\/em>(Cari\u00f1o, 2022). Est\u00e1 trabajando en una nueva pieza de formato micro con videocreaci\u00f3n, <strong><em>Mi\u00f1a pequena<\/em><\/strong>, seleccionada para el V Festival Pezas dun Teatro do Porvir (2022), que lleva a escena el microrrelato <strong><em>Manaus<\/em><\/strong>.<\/p>\n<p align=\"left\">Recientemente fu\u00e9 <strong>premiada<\/strong> con la pieza de microteatro danza <em><strong>Mon\u00f3logo para corpo en movemento<\/strong><\/em>en el Festival FIOT (Carballo, 2020), por su microrrelato <em><strong>Manaus<\/strong><\/em>en el concurso de relatos contra la violencia de g\u00e9nero (Ribadavia, 2020) y por su poema caligr\u00e1fico <em><strong>Bromio<\/strong><\/em> en el I certame de Caligramas Constanza de Castro (Cospeito, 2021). Ahora mismo est\u00e1 a punto de ser publicada su primera novela: <em><strong>Sem grana e sem frescura<\/strong><\/em> que fu\u00e9 escrita en su mayor\u00eda al amparo de las residencias literarias de Zona C 2022 organizadas por el Auditorio de Galicia del Concello de Compostela. Autora de los poemarios <em><strong>b\/i\/c\/m.o.r.d.i.d.o<\/strong><\/em> (2017, Ed. Carena) y <em><strong>Hacia la luz: poes\u00eda, sonido, imagen<\/strong><\/em>(2019, Ed. La F\u00e1brica de libros), y <em><strong>DSM o Disfraz de tigre<\/strong><\/em> (2022, Ed. La F\u00e1brica de libros), adem\u00e1s de un fanzine autoeditado llamado <em><strong>Un fanzine po\u00e9tico<\/strong><\/em>.<\/p>\n<p align=\"left\">Particip\u00f3 en festivales de poes\u00eda como el <em>Keruac<\/em> (2018) o el <em>Festival Nun Local<\/em> (2018) con intervenciones po\u00e9ticas, adem\u00e1s de diversos eventos como slams, recitales, jams de improvisaci\u00f3n vocal, etc. Form\u00f3 parte del proyecto <em>Sinerxias: Performance colectiva de improvisaci\u00f3n art\u00edstica<\/em>.<\/p>\n<p align=\"left\">Fu\u00e9 subvencionada pol la AGADIC en el a\u00f1o 2021 para la produci\u00f3n de la obra de teatro contempor\u00e1neo<em><strong> Lara Hierro<\/strong><\/em> (Rianxo, 2022), de la que es autora, directora, productora e int\u00e9rprete. En este a\u00f1o, 2023, recibe una nueva ayuda de AGADIC para su pr\u00f3xima pieza de teatro danza: <strong><em>Pen\u00e9lope: destecendo o v\u00ednculo<\/em><\/strong>.<\/p>\n[\/vc_column_text][\/vc_column_inner][\/vc_row_inner][\/vc_column][\/vc_row][vc_row type=\u00bbfull_width_background\u00bb full_screen_row_position=\u00bbmiddle\u00bb column_margin=\u00bbdefault\u00bb column_direction=\u00bbdefault\u00bb column_direction_tablet=\u00bbdefault\u00bb column_direction_phone=\u00bbdefault\u00bb bg_color=\u00bb#000000&#8243; scene_position=\u00bbcenter\u00bb bottom_padding=\u00bb40PX\u00bb text_color=\u00bbdark\u00bb text_align=\u00bbleft\u00bb row_border_radius=\u00bbnone\u00bb row_border_radius_applies=\u00bbbg\u00bb overflow=\u00bbvisible\u00bb advanced_gradient_angle=\u00bb0&#8243; overlay_strength=\u00bb0.3&#8243; gradient_direction=\u00bbleft_to_right\u00bb shape_divider_position=\u00bbbottom\u00bb bg_image_animation=\u00bbnone\u00bb gradient_type=\u00bbdefault\u00bb shape_type=\u00bb\u00bb][vc_column column_padding=\u00bbno-extra-padding\u00bb column_padding_tablet=\u00bbinherit\u00bb column_padding_phone=\u00bbinherit\u00bb column_padding_position=\u00bball\u00bb column_element_spacing=\u00bbdefault\u00bb background_color_opacity=\u00bb1&#8243; background_hover_color_opacity=\u00bb1&#8243; column_shadow=\u00bbnone\u00bb column_border_radius=\u00bbnone\u00bb column_link_target=\u00bb_self\u00bb column_position=\u00bbdefault\u00bb gradient_direction=\u00bbleft_to_right\u00bb overlay_strength=\u00bb0.3&#8243; width=\u00bb1\/1&#8243; tablet_width_inherit=\u00bbdefault\u00bb tablet_text_alignment=\u00bbdefault\u00bb phone_text_alignment=\u00bbdefault\u00bb animation_type=\u00bbdefault\u00bb bg_image_animation=\u00bbnone\u00bb border_type=\u00bbsimple\u00bb column_border_width=\u00bbnone\u00bb column_border_style=\u00bbsolid\u00bb][vc_column_text el_class=\u00bbbutoncentre\u00bb]\n<p style=\"text-align: center;\"><a href=\"https:\/\/constancehurle.com\/wp-content\/uploads\/2021\/11\/CVartistico_CH_2021.pdf\" target=\"_blank\" rel=\"noopener\">DESCARGAR CV ART\u00cdSTICO<\/a><\/p>\n[\/vc_column_text][\/vc_column][\/vc_row]\n","protected":false},"excerpt":{"rendered":"<p>[vc_row type=\u00bbfull_width_background\u00bb full_screen_row_position=\u00bbmiddle\u00bb column_margin=\u00bbdefault\u00bb equal_height=\u00bbyes\u00bb content_placement=\u00bbmiddle\u00bb column_direction=\u00bbdefault\u00bb column_direction_tablet=\u00bbdefault\u00bb column_direction_phone=\u00bbdefault\u00bb bg_color=\u00bb#000000&#8243; scene_position=\u00bbcenter\u00bb top_padding=\u00bb3%\u00bb bottom_padding=\u00bb3%\u00bb top_padding_tablet=\u00bb8%\u00bb bottom_padding_tablet=\u00bb8%\u00bb text_color=\u00bbdark\u00bb text_align=\u00bbleft\u00bb row_border_radius=\u00bbnone\u00bb row_border_radius_applies=\u00bbbg\u00bb overflow=\u00bbvisible\u00bb id=\u00bbhome\u00bb overlay_strength=\u00bb0.5&#8243; gradient_direction=\u00bbtop_to_bottom\u00bb shape_divider_position=\u00bbbottom\u00bb bg_image_animation=\u00bbnone\u00bb shape_type=\u00bbstraight_section\u00bb][vc_column column_padding=\u00bbno-extra-padding\u00bb column_padding_tablet=\u00bbinherit\u00bb column_padding_phone=\u00bbinherit\u00bb column_padding_position=\u00bball\u00bb&#8230;<\/p>\n","protected":false},"author":2,"featured_media":0,"parent":0,"menu_order":0,"comment_status":"closed","ping_status":"closed","template":"","meta":{"footnotes":""},"class_list":["post-7705","page","type-page","status-publish"],"yoast_head":"<!-- This site is optimized with the Yoast SEO plugin v27.3 - https:\/\/yoast.com\/product\/yoast-seo-wordpress\/ -->\n<title>Bio Constance Hurl\u00e9 - Constance Hurl\u00e9<\/title>\n<meta name=\"robots\" content=\"index, follow, max-snippet:-1, max-image-preview:large, max-video-preview:-1\" \/>\n<link rel=\"canonical\" href=\"https:\/\/constancehurle.com\/es\/bio-constance-hurle\/\" \/>\n<meta property=\"og:locale\" content=\"es_ES\" \/>\n<meta property=\"og:type\" content=\"article\" \/>\n<meta property=\"og:title\" content=\"Bio Constance Hurl\u00e9 - Constance Hurl\u00e9\" \/>\n<meta property=\"og:description\" content=\"[vc_row type=\u00bbfull_width_background\u00bb full_screen_row_position=\u00bbmiddle\u00bb column_margin=\u00bbdefault\u00bb equal_height=\u00bbyes\u00bb content_placement=\u00bbmiddle\u00bb column_direction=\u00bbdefault\u00bb column_direction_tablet=\u00bbdefault\u00bb column_direction_phone=\u00bbdefault\u00bb bg_color=\u00bb#000000&#8243; scene_position=\u00bbcenter\u00bb top_padding=\u00bb3%\u00bb bottom_padding=\u00bb3%\u00bb top_padding_tablet=\u00bb8%\u00bb bottom_padding_tablet=\u00bb8%\u00bb text_color=\u00bbdark\u00bb text_align=\u00bbleft\u00bb row_border_radius=\u00bbnone\u00bb row_border_radius_applies=\u00bbbg\u00bb overflow=\u00bbvisible\u00bb id=\u00bbhome\u00bb overlay_strength=\u00bb0.5&#8243; gradient_direction=\u00bbtop_to_bottom\u00bb shape_divider_position=\u00bbbottom\u00bb bg_image_animation=\u00bbnone\u00bb shape_type=\u00bbstraight_section\u00bb][vc_column column_padding=\u00bbno-extra-padding\u00bb column_padding_tablet=\u00bbinherit\u00bb column_padding_phone=\u00bbinherit\u00bb column_padding_position=\u00bball\u00bb...\" \/>\n<meta property=\"og:url\" content=\"https:\/\/constancehurle.com\/es\/bio-constance-hurle\/\" \/>\n<meta property=\"og:site_name\" content=\"Constance Hurl\u00e9\" \/>\n<meta property=\"article:modified_time\" content=\"2025-11-13T10:27:24+00:00\" \/>\n<meta name=\"twitter:card\" content=\"summary_large_image\" \/>\n<meta name=\"twitter:label1\" content=\"Tiempo de lectura\" \/>\n\t<meta name=\"twitter:data1\" content=\"9 minutos\" \/>\n<script type=\"application\/ld+json\" class=\"yoast-schema-graph\">{\"@context\":\"https:\\\/\\\/schema.org\",\"@graph\":[{\"@type\":\"WebPage\",\"@id\":\"https:\\\/\\\/constancehurle.com\\\/es\\\/bio-constance-hurle\\\/\",\"url\":\"https:\\\/\\\/constancehurle.com\\\/es\\\/bio-constance-hurle\\\/\",\"name\":\"Bio Constance Hurl\u00e9 - Constance Hurl\u00e9\",\"isPartOf\":{\"@id\":\"https:\\\/\\\/constancehurle.com\\\/#website\"},\"datePublished\":\"2022-11-09T11:35:10+00:00\",\"dateModified\":\"2025-11-13T10:27:24+00:00\",\"breadcrumb\":{\"@id\":\"https:\\\/\\\/constancehurle.com\\\/es\\\/bio-constance-hurle\\\/#breadcrumb\"},\"inLanguage\":\"es\",\"potentialAction\":[{\"@type\":\"ReadAction\",\"target\":[\"https:\\\/\\\/constancehurle.com\\\/es\\\/bio-constance-hurle\\\/\"]}]},{\"@type\":\"BreadcrumbList\",\"@id\":\"https:\\\/\\\/constancehurle.com\\\/es\\\/bio-constance-hurle\\\/#breadcrumb\",\"itemListElement\":[{\"@type\":\"ListItem\",\"position\":1,\"name\":\"Portada\",\"item\":\"https:\\\/\\\/constancehurle.com\\\/es\\\/\"},{\"@type\":\"ListItem\",\"position\":2,\"name\":\"Bio Constance Hurl\u00e9\"}]},{\"@type\":\"WebSite\",\"@id\":\"https:\\\/\\\/constancehurle.com\\\/#website\",\"url\":\"https:\\\/\\\/constancehurle.com\\\/\",\"name\":\"Constance Hurl\u00e9\",\"description\":\"Poetry - Performance - Dramatist\",\"potentialAction\":[{\"@type\":\"SearchAction\",\"target\":{\"@type\":\"EntryPoint\",\"urlTemplate\":\"https:\\\/\\\/constancehurle.com\\\/?s={search_term_string}\"},\"query-input\":{\"@type\":\"PropertyValueSpecification\",\"valueRequired\":true,\"valueName\":\"search_term_string\"}}],\"inLanguage\":\"es\"}]}<\/script>\n<!-- \/ Yoast SEO plugin. -->","yoast_head_json":{"title":"Bio Constance Hurl\u00e9 - Constance Hurl\u00e9","robots":{"index":"index","follow":"follow","max-snippet":"max-snippet:-1","max-image-preview":"max-image-preview:large","max-video-preview":"max-video-preview:-1"},"canonical":"https:\/\/constancehurle.com\/es\/bio-constance-hurle\/","og_locale":"es_ES","og_type":"article","og_title":"Bio Constance Hurl\u00e9 - Constance Hurl\u00e9","og_description":"[vc_row type=\u00bbfull_width_background\u00bb full_screen_row_position=\u00bbmiddle\u00bb column_margin=\u00bbdefault\u00bb equal_height=\u00bbyes\u00bb content_placement=\u00bbmiddle\u00bb column_direction=\u00bbdefault\u00bb column_direction_tablet=\u00bbdefault\u00bb column_direction_phone=\u00bbdefault\u00bb bg_color=\u00bb#000000&#8243; scene_position=\u00bbcenter\u00bb top_padding=\u00bb3%\u00bb bottom_padding=\u00bb3%\u00bb top_padding_tablet=\u00bb8%\u00bb bottom_padding_tablet=\u00bb8%\u00bb text_color=\u00bbdark\u00bb text_align=\u00bbleft\u00bb row_border_radius=\u00bbnone\u00bb row_border_radius_applies=\u00bbbg\u00bb overflow=\u00bbvisible\u00bb id=\u00bbhome\u00bb overlay_strength=\u00bb0.5&#8243; gradient_direction=\u00bbtop_to_bottom\u00bb shape_divider_position=\u00bbbottom\u00bb bg_image_animation=\u00bbnone\u00bb shape_type=\u00bbstraight_section\u00bb][vc_column column_padding=\u00bbno-extra-padding\u00bb column_padding_tablet=\u00bbinherit\u00bb column_padding_phone=\u00bbinherit\u00bb column_padding_position=\u00bball\u00bb...","og_url":"https:\/\/constancehurle.com\/es\/bio-constance-hurle\/","og_site_name":"Constance Hurl\u00e9","article_modified_time":"2025-11-13T10:27:24+00:00","twitter_card":"summary_large_image","twitter_misc":{"Tiempo de lectura":"9 minutos"},"schema":{"@context":"https:\/\/schema.org","@graph":[{"@type":"WebPage","@id":"https:\/\/constancehurle.com\/es\/bio-constance-hurle\/","url":"https:\/\/constancehurle.com\/es\/bio-constance-hurle\/","name":"Bio Constance Hurl\u00e9 - Constance Hurl\u00e9","isPartOf":{"@id":"https:\/\/constancehurle.com\/#website"},"datePublished":"2022-11-09T11:35:10+00:00","dateModified":"2025-11-13T10:27:24+00:00","breadcrumb":{"@id":"https:\/\/constancehurle.com\/es\/bio-constance-hurle\/#breadcrumb"},"inLanguage":"es","potentialAction":[{"@type":"ReadAction","target":["https:\/\/constancehurle.com\/es\/bio-constance-hurle\/"]}]},{"@type":"BreadcrumbList","@id":"https:\/\/constancehurle.com\/es\/bio-constance-hurle\/#breadcrumb","itemListElement":[{"@type":"ListItem","position":1,"name":"Portada","item":"https:\/\/constancehurle.com\/es\/"},{"@type":"ListItem","position":2,"name":"Bio Constance Hurl\u00e9"}]},{"@type":"WebSite","@id":"https:\/\/constancehurle.com\/#website","url":"https:\/\/constancehurle.com\/","name":"Constance Hurl\u00e9","description":"Poetry - Performance - Dramatist","potentialAction":[{"@type":"SearchAction","target":{"@type":"EntryPoint","urlTemplate":"https:\/\/constancehurle.com\/?s={search_term_string}"},"query-input":{"@type":"PropertyValueSpecification","valueRequired":true,"valueName":"search_term_string"}}],"inLanguage":"es"}]}},"_links":{"self":[{"href":"https:\/\/constancehurle.com\/es\/wp-json\/wp\/v2\/pages\/7705","targetHints":{"allow":["GET"]}}],"collection":[{"href":"https:\/\/constancehurle.com\/es\/wp-json\/wp\/v2\/pages"}],"about":[{"href":"https:\/\/constancehurle.com\/es\/wp-json\/wp\/v2\/types\/page"}],"author":[{"embeddable":true,"href":"https:\/\/constancehurle.com\/es\/wp-json\/wp\/v2\/users\/2"}],"replies":[{"embeddable":true,"href":"https:\/\/constancehurle.com\/es\/wp-json\/wp\/v2\/comments?post=7705"}],"version-history":[{"count":6,"href":"https:\/\/constancehurle.com\/es\/wp-json\/wp\/v2\/pages\/7705\/revisions"}],"predecessor-version":[{"id":8209,"href":"https:\/\/constancehurle.com\/es\/wp-json\/wp\/v2\/pages\/7705\/revisions\/8209"}],"wp:attachment":[{"href":"https:\/\/constancehurle.com\/es\/wp-json\/wp\/v2\/media?parent=7705"}],"curies":[{"name":"wp","href":"https:\/\/api.w.org\/{rel}","templated":true}]}}