{"id":7886,"date":"2020-05-01T18:50:31","date_gmt":"2020-05-01T18:50:31","guid":{"rendered":"https:\/\/constancehurle.com\/producto\/poemario-hacialaluz-poesia-sonido-imagen\/"},"modified":"2020-05-01T18:50:31","modified_gmt":"2020-05-01T18:50:31","slug":"poemario-hacialaluz-poesia-sonido-imagen","status":"publish","type":"product","link":"https:\/\/constancehurle.com\/en\/producto\/poemario-hacialaluz-poesia-sonido-imagen\/","title":{"rendered":"hacialaluz: poes\u00eda, sonido, imagen"},"content":{"rendered":"<p>Poemario ilustrado \u00a0del proyecto multidisiciplinar &#8220;hacialaluz: poes\u00eda, sonido, imagen&#8221;.<br \/>\nIncluye partituras. Impresi\u00f3n en color.<br \/>\nProyecto en coautor\u00eda: Constance Hurl\u00e9 (texto), Rui Grenha (m\u00fasica), Juan Blanco (ilustraci\u00f3n).<\/p>\n<p>Primera edici\u00f3n: julio, 2019. Editorial: La f\u00e1brica de libros. Impreso por Gr\u00e1ficas Eujoa, S.A. N\u00famero de p\u00e1ginas: 64.<\/p>\n<p>Ficha art\u00edstica:<br \/>\nDirecci\u00f3n: Constance Hurl\u00e9. Composici\u00f3n musical: Rui Grenha. Ilustraci\u00f3n y dise\u00f1o: Juan Blanco Delgado. Comunicaci\u00f3n: Chachacha Studio. Editorial: La f\u00e1brica de libros. Fotograf\u00eda y v\u00eddeo: Juan Blanco Delgado; Alexandre Cancelo Jes\u00fas LaFuente; Alberto Velasco Isusi. Producci\u00f3n musical: Bea Besada Homestudio. Colaboraci\u00f3n musical: Javier Pereiro \u201cGDjazz\u201d; Ricardo D\u00edaz; Rub\u00e9n Fern\u00e1ndez; Xis Tr\u00edo. Agradecimientos: CSA A Cova dos Ratos; La Canalla; Agrupaci\u00f3n Fotogr\u00e1fica Galega, Alexandre Cancelo; Adegas Terrae; Lume de Carozo.<\/p>\n","protected":false},"excerpt":{"rendered":"<p>Poemario ilustrado.<\/p>\n","protected":false},"featured_media":6803,"comment_status":"open","ping_status":"closed","template":"","meta":[],"product_brand":[],"product_cat":[123],"product_tag":[],"class_list":{"0":"post-7886","1":"product","2":"type-product","3":"status-publish","4":"has-post-thumbnail","5":"product_cat-books","7":"first","8":"instock","9":"taxable","10":"shipping-taxable","11":"purchasable","12":"product-type-simple"},"yoast_head":"<!-- This site is optimized with the Yoast SEO plugin v27.3 - https:\/\/yoast.com\/product\/yoast-seo-wordpress\/ -->\n<title>hacialaluz: poes\u00eda, sonido, imagen - Constance Hurl\u00e9<\/title>\n<meta name=\"robots\" content=\"index, follow, max-snippet:-1, max-image-preview:large, max-video-preview:-1\" \/>\n<link rel=\"canonical\" href=\"https:\/\/constancehurle.com\/en\/producto\/poemario-hacialaluz-poesia-sonido-imagen\/\" \/>\n<meta property=\"og:locale\" content=\"en_US\" \/>\n<meta property=\"og:type\" content=\"article\" \/>\n<meta property=\"og:title\" content=\"hacialaluz: poes\u00eda, sonido, imagen - Constance Hurl\u00e9\" \/>\n<meta property=\"og:description\" content=\"Poemario ilustrado.\" \/>\n<meta property=\"og:url\" content=\"https:\/\/constancehurle.com\/en\/producto\/poemario-hacialaluz-poesia-sonido-imagen\/\" \/>\n<meta property=\"og:site_name\" content=\"Constance Hurl\u00e9\" \/>\n<meta name=\"twitter:card\" content=\"summary_large_image\" \/>\n<meta name=\"twitter:label1\" content=\"Est. reading time\" \/>\n\t<meta name=\"twitter:data1\" content=\"1 minute\" \/>\n<script type=\"application\/ld+json\" class=\"yoast-schema-graph\">{\"@context\":\"https:\\\/\\\/schema.org\",\"@graph\":[{\"@type\":\"WebPage\",\"@id\":\"https:\\\/\\\/constancehurle.com\\\/en\\\/producto\\\/poemario-hacialaluz-poesia-sonido-imagen\\\/\",\"url\":\"https:\\\/\\\/constancehurle.com\\\/en\\\/producto\\\/poemario-hacialaluz-poesia-sonido-imagen\\\/\",\"name\":\"hacialaluz: poes\u00eda, sonido, imagen - Constance Hurl\u00e9\",\"isPartOf\":{\"@id\":\"https:\\\/\\\/constancehurle.com\\\/#website\"},\"primaryImageOfPage\":{\"@id\":\"https:\\\/\\\/constancehurle.com\\\/en\\\/producto\\\/poemario-hacialaluz-poesia-sonido-imagen\\\/#primaryimage\"},\"image\":{\"@id\":\"https:\\\/\\\/constancehurle.com\\\/en\\\/producto\\\/poemario-hacialaluz-poesia-sonido-imagen\\\/#primaryimage\"},\"thumbnailUrl\":\"https:\\\/\\\/constancehurle.com\\\/wp-content\\\/uploads\\\/2020\\\/05\\\/constancehurle-tienda-producto-libro-hacialaluz.jpg\",\"datePublished\":\"2020-05-01T18:50:31+00:00\",\"breadcrumb\":{\"@id\":\"https:\\\/\\\/constancehurle.com\\\/en\\\/producto\\\/poemario-hacialaluz-poesia-sonido-imagen\\\/#breadcrumb\"},\"inLanguage\":\"en-US\",\"potentialAction\":[{\"@type\":\"ReadAction\",\"target\":[\"https:\\\/\\\/constancehurle.com\\\/en\\\/producto\\\/poemario-hacialaluz-poesia-sonido-imagen\\\/\"]}]},{\"@type\":\"ImageObject\",\"inLanguage\":\"en-US\",\"@id\":\"https:\\\/\\\/constancehurle.com\\\/en\\\/producto\\\/poemario-hacialaluz-poesia-sonido-imagen\\\/#primaryimage\",\"url\":\"https:\\\/\\\/constancehurle.com\\\/wp-content\\\/uploads\\\/2020\\\/05\\\/constancehurle-tienda-producto-libro-hacialaluz.jpg\",\"contentUrl\":\"https:\\\/\\\/constancehurle.com\\\/wp-content\\\/uploads\\\/2020\\\/05\\\/constancehurle-tienda-producto-libro-hacialaluz.jpg\",\"width\":1400,\"height\":1400},{\"@type\":\"BreadcrumbList\",\"@id\":\"https:\\\/\\\/constancehurle.com\\\/en\\\/producto\\\/poemario-hacialaluz-poesia-sonido-imagen\\\/#breadcrumb\",\"itemListElement\":[{\"@type\":\"ListItem\",\"position\":1,\"name\":\"Portada\",\"item\":\"https:\\\/\\\/constancehurle.com\\\/en\\\/\"},{\"@type\":\"ListItem\",\"position\":2,\"name\":\"Shop\",\"item\":\"https:\\\/\\\/constancehurle.com\\\/en\\\/shop\\\/\"},{\"@type\":\"ListItem\",\"position\":3,\"name\":\"hacialaluz: poes\u00eda, sonido, imagen\"}]},{\"@type\":\"WebSite\",\"@id\":\"https:\\\/\\\/constancehurle.com\\\/#website\",\"url\":\"https:\\\/\\\/constancehurle.com\\\/\",\"name\":\"Constance Hurl\u00e9\",\"description\":\"Poetry - Performance - Dramatist\",\"potentialAction\":[{\"@type\":\"SearchAction\",\"target\":{\"@type\":\"EntryPoint\",\"urlTemplate\":\"https:\\\/\\\/constancehurle.com\\\/?s={search_term_string}\"},\"query-input\":{\"@type\":\"PropertyValueSpecification\",\"valueRequired\":true,\"valueName\":\"search_term_string\"}}],\"inLanguage\":\"en-US\"}]}<\/script>\n<!-- \/ Yoast SEO plugin. -->","yoast_head_json":{"title":"hacialaluz: poes\u00eda, sonido, imagen - Constance Hurl\u00e9","robots":{"index":"index","follow":"follow","max-snippet":"max-snippet:-1","max-image-preview":"max-image-preview:large","max-video-preview":"max-video-preview:-1"},"canonical":"https:\/\/constancehurle.com\/en\/producto\/poemario-hacialaluz-poesia-sonido-imagen\/","og_locale":"en_US","og_type":"article","og_title":"hacialaluz: poes\u00eda, sonido, imagen - Constance Hurl\u00e9","og_description":"Poemario ilustrado.","og_url":"https:\/\/constancehurle.com\/en\/producto\/poemario-hacialaluz-poesia-sonido-imagen\/","og_site_name":"Constance Hurl\u00e9","twitter_card":"summary_large_image","twitter_misc":{"Est. reading time":"1 minute"},"schema":{"@context":"https:\/\/schema.org","@graph":[{"@type":"WebPage","@id":"https:\/\/constancehurle.com\/en\/producto\/poemario-hacialaluz-poesia-sonido-imagen\/","url":"https:\/\/constancehurle.com\/en\/producto\/poemario-hacialaluz-poesia-sonido-imagen\/","name":"hacialaluz: poes\u00eda, sonido, imagen - Constance Hurl\u00e9","isPartOf":{"@id":"https:\/\/constancehurle.com\/#website"},"primaryImageOfPage":{"@id":"https:\/\/constancehurle.com\/en\/producto\/poemario-hacialaluz-poesia-sonido-imagen\/#primaryimage"},"image":{"@id":"https:\/\/constancehurle.com\/en\/producto\/poemario-hacialaluz-poesia-sonido-imagen\/#primaryimage"},"thumbnailUrl":"https:\/\/constancehurle.com\/wp-content\/uploads\/2020\/05\/constancehurle-tienda-producto-libro-hacialaluz.jpg","datePublished":"2020-05-01T18:50:31+00:00","breadcrumb":{"@id":"https:\/\/constancehurle.com\/en\/producto\/poemario-hacialaluz-poesia-sonido-imagen\/#breadcrumb"},"inLanguage":"en-US","potentialAction":[{"@type":"ReadAction","target":["https:\/\/constancehurle.com\/en\/producto\/poemario-hacialaluz-poesia-sonido-imagen\/"]}]},{"@type":"ImageObject","inLanguage":"en-US","@id":"https:\/\/constancehurle.com\/en\/producto\/poemario-hacialaluz-poesia-sonido-imagen\/#primaryimage","url":"https:\/\/constancehurle.com\/wp-content\/uploads\/2020\/05\/constancehurle-tienda-producto-libro-hacialaluz.jpg","contentUrl":"https:\/\/constancehurle.com\/wp-content\/uploads\/2020\/05\/constancehurle-tienda-producto-libro-hacialaluz.jpg","width":1400,"height":1400},{"@type":"BreadcrumbList","@id":"https:\/\/constancehurle.com\/en\/producto\/poemario-hacialaluz-poesia-sonido-imagen\/#breadcrumb","itemListElement":[{"@type":"ListItem","position":1,"name":"Portada","item":"https:\/\/constancehurle.com\/en\/"},{"@type":"ListItem","position":2,"name":"Shop","item":"https:\/\/constancehurle.com\/en\/shop\/"},{"@type":"ListItem","position":3,"name":"hacialaluz: poes\u00eda, sonido, imagen"}]},{"@type":"WebSite","@id":"https:\/\/constancehurle.com\/#website","url":"https:\/\/constancehurle.com\/","name":"Constance Hurl\u00e9","description":"Poetry - Performance - Dramatist","potentialAction":[{"@type":"SearchAction","target":{"@type":"EntryPoint","urlTemplate":"https:\/\/constancehurle.com\/?s={search_term_string}"},"query-input":{"@type":"PropertyValueSpecification","valueRequired":true,"valueName":"search_term_string"}}],"inLanguage":"en-US"}]}},"_links":{"self":[{"href":"https:\/\/constancehurle.com\/en\/wp-json\/wp\/v2\/product\/7886","targetHints":{"allow":["GET"]}}],"collection":[{"href":"https:\/\/constancehurle.com\/en\/wp-json\/wp\/v2\/product"}],"about":[{"href":"https:\/\/constancehurle.com\/en\/wp-json\/wp\/v2\/types\/product"}],"replies":[{"embeddable":true,"href":"https:\/\/constancehurle.com\/en\/wp-json\/wp\/v2\/comments?post=7886"}],"wp:featuredmedia":[{"embeddable":true,"href":"https:\/\/constancehurle.com\/en\/wp-json\/wp\/v2\/media\/6803"}],"wp:attachment":[{"href":"https:\/\/constancehurle.com\/en\/wp-json\/wp\/v2\/media?parent=7886"}],"wp:term":[{"taxonomy":"product_brand","embeddable":true,"href":"https:\/\/constancehurle.com\/en\/wp-json\/wp\/v2\/product_brand?post=7886"},{"taxonomy":"product_cat","embeddable":true,"href":"https:\/\/constancehurle.com\/en\/wp-json\/wp\/v2\/product_cat?post=7886"},{"taxonomy":"product_tag","embeddable":true,"href":"https:\/\/constancehurle.com\/en\/wp-json\/wp\/v2\/product_tag?post=7886"}],"curies":[{"name":"wp","href":"https:\/\/api.w.org\/{rel}","templated":true}]}}