{"id":7704,"date":"2022-11-09T12:35:10","date_gmt":"2022-11-09T11:35:10","guid":{"rendered":"https:\/\/constancehurle.com\/bio-constance-hurle\/"},"modified":"2022-11-18T13:03:50","modified_gmt":"2022-11-18T12:03:50","slug":"bio-constance-hurle","status":"publish","type":"page","link":"https:\/\/constancehurle.com\/en\/bio-constance-hurle\/","title":{"rendered":"Bio Constance Hurl\u00e9"},"content":{"rendered":"[vc_row type=&#8221;full_width_background&#8221; full_screen_row_position=&#8221;middle&#8221; column_margin=&#8221;default&#8221; equal_height=&#8221;yes&#8221; content_placement=&#8221;middle&#8221; column_direction=&#8221;default&#8221; column_direction_tablet=&#8221;default&#8221; column_direction_phone=&#8221;default&#8221; bg_color=&#8221;#000000&#8243; scene_position=&#8221;center&#8221; top_padding=&#8221;3%&#8221; bottom_padding=&#8221;3%&#8221; top_padding_tablet=&#8221;8%&#8221; bottom_padding_tablet=&#8221;8%&#8221; text_color=&#8221;dark&#8221; text_align=&#8221;left&#8221; row_border_radius=&#8221;none&#8221; row_border_radius_applies=&#8221;bg&#8221; overflow=&#8221;visible&#8221; id=&#8221;home&#8221; overlay_strength=&#8221;0.5&#8243; gradient_direction=&#8221;top_to_bottom&#8221; shape_divider_position=&#8221;bottom&#8221; bg_image_animation=&#8221;none&#8221; shape_type=&#8221;straight_section&#8221;][vc_column column_padding=&#8221;no-extra-padding&#8221; column_padding_tablet=&#8221;inherit&#8221; column_padding_phone=&#8221;inherit&#8221; column_padding_position=&#8221;all&#8221; top_margin=&#8221;0&#8243; constrain_group_1=&#8221;yes&#8221; bottom_margin=&#8221;0&#8243; left_margin_tablet=&#8221;auto&#8221; right_margin_tablet=&#8221;auto&#8221; left_margin_phone=&#8221;auto&#8221; right_margin_phone=&#8221;auto&#8221; column_element_spacing=&#8221;default&#8221; background_color_opacity=&#8221;1&#8243; background_hover_color_opacity=&#8221;1&#8243; column_shadow=&#8221;none&#8221; column_border_radius=&#8221;none&#8221; column_link_target=&#8221;_self&#8221; column_position=&#8221;default&#8221; max_width_tablet=&#8221;600&#8243; max_width_phone=&#8221;420px&#8221; gradient_direction=&#8221;left_to_right&#8221; overlay_strength=&#8221;0.5&#8243; width=&#8221;1\/1&#8243; tablet_width_inherit=&#8221;default&#8221; tablet_text_alignment=&#8221;default&#8221; phone_text_alignment=&#8221;default&#8221; animation_type=&#8221;default&#8221; bg_image_animation=&#8221;none&#8221; border_type=&#8221;simple&#8221; column_border_width=&#8221;none&#8221; column_border_style=&#8221;solid&#8221; offset=&#8221;vc_col-xs-12&#8243;][vc_column_text css_animation=&#8221;none&#8221; css=&#8221;.vc_custom_1667993759410{margin-bottom: 10px !important;}&#8221; el_class=&#8221;textoblanco&#8221;]\n<h2 style=\"text-align: left;\">Constance Hurl\u00e9<\/h2>\n[\/vc_column_text][vc_column_text css_animation=&#8221;none&#8221; css=&#8221;.vc_custom_1667993843626{margin-bottom: 20px !important;}&#8221; el_class=&#8221;textoblanco&#8221;]\n<h3 style=\"text-align: left;\">BIO<\/h3>\n[\/vc_column_text][\/vc_column][\/vc_row][vc_row type=&#8221;full_width_background&#8221; full_screen_row_position=&#8221;middle&#8221; column_margin=&#8221;default&#8221; column_direction=&#8221;default&#8221; column_direction_tablet=&#8221;default&#8221; column_direction_phone=&#8221;default&#8221; bg_color=&#8221;#000000&#8243; scene_position=&#8221;center&#8221; top_padding=&#8221;0px&#8221; bottom_padding=&#8221;0px&#8221; bottom_margin=&#8221;0px&#8221; text_color=&#8221;dark&#8221; text_align=&#8221;left&#8221; row_border_radius=&#8221;none&#8221; row_border_radius_applies=&#8221;bg&#8221; overflow=&#8221;visible&#8221; advanced_gradient_angle=&#8221;0&#8243; overlay_strength=&#8221;0.3&#8243; gradient_direction=&#8221;left_to_right&#8221; shape_divider_position=&#8221;bottom&#8221; bg_image_animation=&#8221;none&#8221; gradient_type=&#8221;default&#8221; shape_type=&#8221;&#8221;][vc_column column_padding=&#8221;no-extra-padding&#8221; column_padding_tablet=&#8221;inherit&#8221; column_padding_phone=&#8221;inherit&#8221; column_padding_position=&#8221;all&#8221; column_element_spacing=&#8221;default&#8221; background_color_opacity=&#8221;1&#8243; background_hover_color_opacity=&#8221;1&#8243; column_shadow=&#8221;none&#8221; column_border_radius=&#8221;none&#8221; column_link_target=&#8221;_self&#8221; column_position=&#8221;default&#8221; gradient_direction=&#8221;left_to_right&#8221; overlay_strength=&#8221;0.3&#8243; width=&#8221;1\/1&#8243; tablet_width_inherit=&#8221;default&#8221; tablet_text_alignment=&#8221;default&#8221; phone_text_alignment=&#8221;default&#8221; animation_type=&#8221;default&#8221; bg_image_animation=&#8221;none&#8221; border_type=&#8221;simple&#8221; column_border_width=&#8221;none&#8221; column_border_style=&#8221;solid&#8221;][image_with_animation image_url=&#8221;7635&#8243; image_size=&#8221;custom&#8221; animation_type=&#8221;entrance&#8221; animation=&#8221;None&#8221; hover_animation=&#8221;none&#8221; alignment=&#8221;&#8221; border_radius=&#8221;none&#8221; box_shadow=&#8221;none&#8221; image_loading=&#8221;default&#8221; max_width=&#8221;100%&#8221; max_width_mobile=&#8221;default&#8221; custom_image_size=&#8221;50px&#8221; margin_bottom=&#8221;0px&#8221;][\/vc_column][\/vc_row][vc_row type=&#8221;full_width_background&#8221; full_screen_row_position=&#8221;middle&#8221; column_margin=&#8221;40px&#8221; equal_height=&#8221;yes&#8221; content_placement=&#8221;middle&#8221; column_direction=&#8221;default&#8221; column_direction_tablet=&#8221;default&#8221; column_direction_phone=&#8221;default&#8221; scene_position=&#8221;center&#8221; top_padding=&#8221;60px&#8221; bottom_padding=&#8221;60px&#8221; top_padding_tablet=&#8221;8%&#8221; bottom_padding_tablet=&#8221;8%&#8221; text_color=&#8221;dark&#8221; text_align=&#8221;left&#8221; row_border_radius=&#8221;none&#8221; row_border_radius_applies=&#8221;bg&#8221; overflow=&#8221;visible&#8221; id=&#8221;home&#8221; advanced_gradient_angle=&#8221;0&#8243; overlay_strength=&#8221;0.5&#8243; gradient_direction=&#8221;top_to_bottom&#8221; shape_divider_position=&#8221;bottom&#8221; bg_image_animation=&#8221;none&#8221; shape_type=&#8221;straight_section&#8221; gradient_type=&#8221;default&#8221;][vc_column column_padding=&#8221;no-extra-padding&#8221; column_padding_tablet=&#8221;inherit&#8221; column_padding_phone=&#8221;inherit&#8221; column_padding_position=&#8221;all&#8221; top_margin=&#8221;0&#8243; constrain_group_1=&#8221;yes&#8221; bottom_margin=&#8221;0&#8243; left_margin_tablet=&#8221;auto&#8221; right_margin_tablet=&#8221;auto&#8221; left_margin_phone=&#8221;auto&#8221; right_margin_phone=&#8221;auto&#8221; column_element_spacing=&#8221;default&#8221; background_color_opacity=&#8221;1&#8243; background_hover_color_opacity=&#8221;1&#8243; column_shadow=&#8221;none&#8221; column_border_radius=&#8221;none&#8221; column_link_target=&#8221;_self&#8221; column_position=&#8221;default&#8221; max_width_tablet=&#8221;600&#8243; max_width_phone=&#8221;420px&#8221; gradient_direction=&#8221;left_to_right&#8221; overlay_strength=&#8221;0.5&#8243; width=&#8221;1\/1&#8243; tablet_width_inherit=&#8221;default&#8221; tablet_text_alignment=&#8221;default&#8221; phone_text_alignment=&#8221;default&#8221; animation_type=&#8221;default&#8221; bg_image_animation=&#8221;none&#8221; border_type=&#8221;simple&#8221; column_border_width=&#8221;none&#8221; column_border_style=&#8221;solid&#8221; offset=&#8221;vc_col-xs-12&#8243;][vc_row_inner equal_height=&#8221;yes&#8221; content_placement=&#8221;top&#8221; column_margin=&#8221;60px&#8221; column_direction=&#8221;default&#8221; column_direction_tablet=&#8221;default&#8221; column_direction_phone=&#8221;default&#8221; bottom_padding=&#8221;0&#8243; text_align=&#8221;left&#8221; row_position=&#8221;default&#8221; row_position_tablet=&#8221;inherit&#8221; row_position_phone=&#8221;inherit&#8221; overflow=&#8221;visible&#8221; pointer_events=&#8221;all&#8221; min_width=&#8221;47vh&#8221;][vc_column_inner column_padding=&#8221;no-extra-padding&#8221; column_padding_tablet=&#8221;inherit&#8221; column_padding_phone=&#8221;inherit&#8221; column_padding_position=&#8221;all&#8221; bottom_margin=&#8221;50px&#8221; column_element_spacing=&#8221;default&#8221; background_color_opacity=&#8221;1&#8243; background_hover_color_opacity=&#8221;1&#8243; column_shadow=&#8221;none&#8221; column_border_radius=&#8221;none&#8221; column_link_target=&#8221;_self&#8221; advanced_gradient_angle=&#8221;0&#8243; gradient_direction=&#8221;left_to_right&#8221; overlay_strength=&#8221;0.3&#8243; width=&#8221;1\/2&#8243; tablet_width_inherit=&#8221;default&#8221; animation_type=&#8221;default&#8221; enable_animation=&#8221;true&#8221; animation=&#8221;fade-in-from-bottom&#8221; bg_image_animation=&#8221;none&#8221; border_type=&#8221;simple&#8221; column_border_width=&#8221;none&#8221; column_border_style=&#8221;solid&#8221; enable_border_animation=&#8221;true&#8221; gradient_type=&#8221;default&#8221;][vc_column_text]\n<p align=\"left\">She holds a degree in Classical Philology from the University of Santiago de Compostela and a Master&#8217;s degree in Research in Theatre Studies from the Autonomous University of Barcelona.<\/p>\n<p align=\"left\">On a theoretical level she has actively participated and attended performing arts congresses and was part of the International Congress for Young Researchers on Theatre Studies in 2018. It has a theoretical-practical line of research that starts from the premise of dance theatre as a tool for self-discovery.<\/p>\n<p align=\"left\"><em>She started doing theatre when she was very young and throughout her life she will go through different disciplines and schools of performing arts and dance, highlighting the Escuela Integral del Creador Esc\u00e9nico Vladimir Tzekov.<\/em> in Granada and <em>A Art\u00edstica<\/em> Vigo with Olga Cameselle. <span style=\"font-weight: 400;\">She trained in an alternative way and attended several dance festivals such as<\/span> <em>Herdanza<\/em> in Santiago de Compostela (2017), or monographic workshops with people such as Janusz Subicz in Barcelona (2016). She participated in the staging of the play <em><strong>Dancers <\/strong><\/em>by Sonia G\u00f3mez, at the <em>Festival Corpo a Terra<\/em> in Ourense (2017), as well as attending the festival&#8217;s dance workshops. She is constantly training in movement disciplines.<\/p>\n<p align=\"left\">She collaborated as a dancer in the video clip <em><strong>Charleston<\/strong><\/em> from Alley Stompers (2016) as well as in the single <em><strong>Doce Badaladas<\/strong><\/em>, from Al\u00eam (2021), in addition to her participation as a model in exhibition of photography <em><strong>What do you<\/strong><\/em> see? by Erdie J.(2015).<\/p>\n<p align=\"left\">At a sociopolitical level, she presents demonstrations through art by way of collaborations with various projects, among which are the action group <em>As ghatas salvaxes<\/em> and the <strong>Colectivo Espazo Corpo<\/strong>.<\/p>\n<p align=\"left\">She made her start in micro-theatre with the micro-piece<em><strong> No derradeiro minuto<\/strong><\/em> (Santiago de Compostela, 2010) which will be followed by the dramatic monologue <em><strong>El d\u00eda despu\u00e9s<\/strong><\/em>(Granada, 2014). In 2012, she received a grant from the USC for the production of <em><strong>Nefelococigia: a cidade das nubes e dos cucos<\/strong><\/em> (Santiago, 2012) within the framework of the university theatre.<\/p>\n[\/vc_column_text][\/vc_column_inner][vc_column_inner column_padding=&#8221;no-extra-padding&#8221; column_padding_tablet=&#8221;inherit&#8221; column_padding_phone=&#8221;inherit&#8221; column_padding_position=&#8221;all&#8221; column_element_spacing=&#8221;default&#8221; background_color_opacity=&#8221;1&#8243; background_hover_color_opacity=&#8221;1&#8243; column_shadow=&#8221;none&#8221; column_border_radius=&#8221;none&#8221; column_link_target=&#8221;_self&#8221; advanced_gradient_angle=&#8221;0&#8243; gradient_direction=&#8221;left_to_right&#8221; overlay_strength=&#8221;0.3&#8243; width=&#8221;1\/2&#8243; tablet_width_inherit=&#8221;default&#8221; animation_type=&#8221;default&#8221; bg_image_animation=&#8221;none&#8221; border_type=&#8221;simple&#8221; column_border_width=&#8221;none&#8221; column_border_style=&#8221;solid&#8221; gradient_type=&#8221;default&#8221;][vc_column_text]\n<p align=\"left\">Her first poetic musical project is <em><strong>A maz\u00e1 de Rosal\u00eda<\/strong><\/em> (Vigo, 2016) with the guitarist David J\u00e1come. She worked with Rui Grenha in two poetic concerts<em><strong> &#8220;bic in progre[s]&#8221;<\/strong><\/em> (Barcelona, 2017), in which the double bass player Alexandre Touceda collaborated; and <em><strong>hacialaluz<\/strong> <\/em>(Vigo, 2019), with the publication of both poetry books and the recording of an album in which he had the collaboration of Rub\u00e9n Fern\u00e1ndez (vocals), Ricardo D\u00edaz (double bass), Javier Pereiro &#8220;Gdjazz&#8221; (trumpet) and Xis Tr\u00edo.<\/p>\n<p align=\"left\">She makes literature as a means of expressing emotions and social criticism. She combines poetry and stage, navigating through hybrid genres, with performances such as <em><strong>Poes\u00eda performativa<\/strong><\/em> (Vigo, 2017), <em><strong>V\u00edsceras Po\u00e9ticas<\/strong><\/em> (Mand\u00edn, 2021) or <em><strong>Vol\u00e1til<\/strong><\/em>(Cari\u00f1o, 2022).<\/p>\n<p align=\"left\">She was recently <strong>awarded <\/strong> with the dance micro-theatre piece <em><strong>Mon\u00f3logo para corpo en movemento<\/strong><\/em>in the Festival FIOT (Carballo, 2020), for her micro-tale <em><strong>Manaus<\/strong><\/em> in the contest against gender violence (Ribadavia, 2020) and for her calligraphic poem <em><strong>Bromio<\/strong><\/em>in the I Calligram Competition Constanza de Castro (Cospeito, 2021). She is about to publish her first novel: <em><strong>Sem grana e sem frescura<\/strong><\/em> which was mostly written under the cover of the Zona C 2022 literary residencies organised by the Auditorio de Galicia in the Concello de Compostela. Author of the poetry books <em><strong>b\/i\/c\/m.o.r.d.i.d.o<\/strong><\/em> (2017, Ed. Carena) and <em><strong>Hacia la luz: poes\u00eda, sonido, imagen<\/strong><\/em>(2019, Ed. La F\u00e1brica de libros), and <em><strong>DSM o Disfraz de tigre<\/strong><\/em> (2022, Ed. La F\u00e1brica de libros), as well as a self-published fanzine called <em><strong>Un fanzine po\u00e9tico<\/strong><\/em>.<\/p>\n<p align=\"left\">She participated in poetry festivals such as <em>Keruac<\/em> (2018) or the <em>Festival Nun Local<\/em> (2018) with poetic interventions, as well as various events such as slams, recitals, vocal improvisation jams, etc. She was part of the project <em>Sinerxias: Performance colectiva de improvisaci\u00f3n art\u00edstica<\/em>.<\/p>\n<p align=\"left\">She was subsidised by the AGADIC in 2021 for the production of the contemporary theatre play<em><strong> Lara Hierro<\/strong><\/em> (Rianxo, 2022), of which she is the author, director, producer and performer.<\/p>\n[\/vc_column_text][\/vc_column_inner][\/vc_row_inner][\/vc_column][\/vc_row][vc_row type=&#8221;full_width_background&#8221; full_screen_row_position=&#8221;middle&#8221; column_margin=&#8221;default&#8221; column_direction=&#8221;default&#8221; column_direction_tablet=&#8221;default&#8221; column_direction_phone=&#8221;default&#8221; bg_color=&#8221;#000000&#8243; scene_position=&#8221;center&#8221; bottom_padding=&#8221;40PX&#8221; text_color=&#8221;dark&#8221; text_align=&#8221;left&#8221; row_border_radius=&#8221;none&#8221; row_border_radius_applies=&#8221;bg&#8221; overflow=&#8221;visible&#8221; advanced_gradient_angle=&#8221;0&#8243; overlay_strength=&#8221;0.3&#8243; gradient_direction=&#8221;left_to_right&#8221; shape_divider_position=&#8221;bottom&#8221; bg_image_animation=&#8221;none&#8221; gradient_type=&#8221;default&#8221; shape_type=&#8221;&#8221;][vc_column column_padding=&#8221;no-extra-padding&#8221; column_padding_tablet=&#8221;inherit&#8221; column_padding_phone=&#8221;inherit&#8221; column_padding_position=&#8221;all&#8221; column_element_spacing=&#8221;default&#8221; background_color_opacity=&#8221;1&#8243; background_hover_color_opacity=&#8221;1&#8243; column_shadow=&#8221;none&#8221; column_border_radius=&#8221;none&#8221; column_link_target=&#8221;_self&#8221; column_position=&#8221;default&#8221; gradient_direction=&#8221;left_to_right&#8221; overlay_strength=&#8221;0.3&#8243; width=&#8221;1\/1&#8243; tablet_width_inherit=&#8221;default&#8221; tablet_text_alignment=&#8221;default&#8221; phone_text_alignment=&#8221;default&#8221; animation_type=&#8221;default&#8221; bg_image_animation=&#8221;none&#8221; border_type=&#8221;simple&#8221; column_border_width=&#8221;none&#8221; column_border_style=&#8221;solid&#8221;][vc_column_text el_class=&#8221;butoncentre&#8221;]\n<p style=\"text-align: center;\"><a href=\"https:\/\/constancehurle.com\/wp-content\/uploads\/2021\/11\/CVartistico_CH_2021.pdf\" target=\"_blank\" rel=\"noopener\">DOWNLOAD ARTISTIC CV<\/a><\/p>\n[\/vc_column_text][\/vc_column][\/vc_row]\n","protected":false},"excerpt":{"rendered":"<p>[vc_row type=&#8221;full_width_background&#8221; full_screen_row_position=&#8221;middle&#8221; column_margin=&#8221;default&#8221; equal_height=&#8221;yes&#8221; content_placement=&#8221;middle&#8221; column_direction=&#8221;default&#8221; column_direction_tablet=&#8221;default&#8221; column_direction_phone=&#8221;default&#8221; bg_color=&#8221;#000000&#8243; scene_position=&#8221;center&#8221; top_padding=&#8221;3%&#8221; bottom_padding=&#8221;3%&#8221; top_padding_tablet=&#8221;8%&#8221; bottom_padding_tablet=&#8221;8%&#8221; text_color=&#8221;dark&#8221; text_align=&#8221;left&#8221; row_border_radius=&#8221;none&#8221; row_border_radius_applies=&#8221;bg&#8221; overflow=&#8221;visible&#8221; id=&#8221;home&#8221; overlay_strength=&#8221;0.5&#8243; gradient_direction=&#8221;top_to_bottom&#8221; shape_divider_position=&#8221;bottom&#8221; bg_image_animation=&#8221;none&#8221; shape_type=&#8221;straight_section&#8221;][vc_column column_padding=&#8221;no-extra-padding&#8221; column_padding_tablet=&#8221;inherit&#8221; column_padding_phone=&#8221;inherit&#8221; column_padding_position=&#8221;all&#8221;&#8230;<\/p>\n","protected":false},"author":2,"featured_media":0,"parent":0,"menu_order":0,"comment_status":"closed","ping_status":"closed","template":"","meta":{"footnotes":""},"class_list":["post-7704","page","type-page","status-publish"],"yoast_head":"<!-- This site is optimized with the Yoast SEO plugin v27.3 - https:\/\/yoast.com\/product\/yoast-seo-wordpress\/ -->\n<title>Bio Constance Hurl\u00e9 - Constance Hurl\u00e9<\/title>\n<meta name=\"robots\" content=\"index, follow, max-snippet:-1, max-image-preview:large, max-video-preview:-1\" \/>\n<link rel=\"canonical\" href=\"https:\/\/constancehurle.com\/en\/bio-constance-hurle\/\" \/>\n<meta property=\"og:locale\" content=\"en_US\" \/>\n<meta property=\"og:type\" content=\"article\" \/>\n<meta property=\"og:title\" content=\"Bio Constance Hurl\u00e9 - Constance Hurl\u00e9\" \/>\n<meta property=\"og:description\" content=\"[vc_row type=&#8221;full_width_background&#8221; full_screen_row_position=&#8221;middle&#8221; column_margin=&#8221;default&#8221; equal_height=&#8221;yes&#8221; content_placement=&#8221;middle&#8221; column_direction=&#8221;default&#8221; column_direction_tablet=&#8221;default&#8221; column_direction_phone=&#8221;default&#8221; bg_color=&#8221;#000000&#8243; scene_position=&#8221;center&#8221; top_padding=&#8221;3%&#8221; bottom_padding=&#8221;3%&#8221; top_padding_tablet=&#8221;8%&#8221; bottom_padding_tablet=&#8221;8%&#8221; text_color=&#8221;dark&#8221; text_align=&#8221;left&#8221; row_border_radius=&#8221;none&#8221; row_border_radius_applies=&#8221;bg&#8221; overflow=&#8221;visible&#8221; id=&#8221;home&#8221; overlay_strength=&#8221;0.5&#8243; gradient_direction=&#8221;top_to_bottom&#8221; shape_divider_position=&#8221;bottom&#8221; bg_image_animation=&#8221;none&#8221; shape_type=&#8221;straight_section&#8221;][vc_column column_padding=&#8221;no-extra-padding&#8221; column_padding_tablet=&#8221;inherit&#8221; column_padding_phone=&#8221;inherit&#8221; column_padding_position=&#8221;all&#8221;...\" \/>\n<meta property=\"og:url\" content=\"https:\/\/constancehurle.com\/en\/bio-constance-hurle\/\" \/>\n<meta property=\"og:site_name\" content=\"Constance Hurl\u00e9\" \/>\n<meta property=\"article:modified_time\" content=\"2022-11-18T12:03:50+00:00\" \/>\n<meta name=\"twitter:card\" content=\"summary_large_image\" \/>\n<meta name=\"twitter:label1\" content=\"Est. reading time\" \/>\n\t<meta name=\"twitter:data1\" content=\"9 minutes\" \/>\n<script type=\"application\/ld+json\" class=\"yoast-schema-graph\">{\"@context\":\"https:\\\/\\\/schema.org\",\"@graph\":[{\"@type\":\"WebPage\",\"@id\":\"https:\\\/\\\/constancehurle.com\\\/en\\\/bio-constance-hurle\\\/\",\"url\":\"https:\\\/\\\/constancehurle.com\\\/en\\\/bio-constance-hurle\\\/\",\"name\":\"Bio Constance Hurl\u00e9 - Constance Hurl\u00e9\",\"isPartOf\":{\"@id\":\"https:\\\/\\\/constancehurle.com\\\/#website\"},\"datePublished\":\"2022-11-09T11:35:10+00:00\",\"dateModified\":\"2022-11-18T12:03:50+00:00\",\"breadcrumb\":{\"@id\":\"https:\\\/\\\/constancehurle.com\\\/en\\\/bio-constance-hurle\\\/#breadcrumb\"},\"inLanguage\":\"en-US\",\"potentialAction\":[{\"@type\":\"ReadAction\",\"target\":[\"https:\\\/\\\/constancehurle.com\\\/en\\\/bio-constance-hurle\\\/\"]}]},{\"@type\":\"BreadcrumbList\",\"@id\":\"https:\\\/\\\/constancehurle.com\\\/en\\\/bio-constance-hurle\\\/#breadcrumb\",\"itemListElement\":[{\"@type\":\"ListItem\",\"position\":1,\"name\":\"Portada\",\"item\":\"https:\\\/\\\/constancehurle.com\\\/en\\\/\"},{\"@type\":\"ListItem\",\"position\":2,\"name\":\"Bio Constance Hurl\u00e9\"}]},{\"@type\":\"WebSite\",\"@id\":\"https:\\\/\\\/constancehurle.com\\\/#website\",\"url\":\"https:\\\/\\\/constancehurle.com\\\/\",\"name\":\"Constance Hurl\u00e9\",\"description\":\"Poetry - Performance - Dramatist\",\"potentialAction\":[{\"@type\":\"SearchAction\",\"target\":{\"@type\":\"EntryPoint\",\"urlTemplate\":\"https:\\\/\\\/constancehurle.com\\\/?s={search_term_string}\"},\"query-input\":{\"@type\":\"PropertyValueSpecification\",\"valueRequired\":true,\"valueName\":\"search_term_string\"}}],\"inLanguage\":\"en-US\"}]}<\/script>\n<!-- \/ Yoast SEO plugin. -->","yoast_head_json":{"title":"Bio Constance Hurl\u00e9 - Constance Hurl\u00e9","robots":{"index":"index","follow":"follow","max-snippet":"max-snippet:-1","max-image-preview":"max-image-preview:large","max-video-preview":"max-video-preview:-1"},"canonical":"https:\/\/constancehurle.com\/en\/bio-constance-hurle\/","og_locale":"en_US","og_type":"article","og_title":"Bio Constance Hurl\u00e9 - Constance Hurl\u00e9","og_description":"[vc_row type=&#8221;full_width_background&#8221; full_screen_row_position=&#8221;middle&#8221; column_margin=&#8221;default&#8221; equal_height=&#8221;yes&#8221; content_placement=&#8221;middle&#8221; column_direction=&#8221;default&#8221; column_direction_tablet=&#8221;default&#8221; column_direction_phone=&#8221;default&#8221; bg_color=&#8221;#000000&#8243; scene_position=&#8221;center&#8221; top_padding=&#8221;3%&#8221; bottom_padding=&#8221;3%&#8221; top_padding_tablet=&#8221;8%&#8221; bottom_padding_tablet=&#8221;8%&#8221; text_color=&#8221;dark&#8221; text_align=&#8221;left&#8221; row_border_radius=&#8221;none&#8221; row_border_radius_applies=&#8221;bg&#8221; overflow=&#8221;visible&#8221; id=&#8221;home&#8221; overlay_strength=&#8221;0.5&#8243; gradient_direction=&#8221;top_to_bottom&#8221; shape_divider_position=&#8221;bottom&#8221; bg_image_animation=&#8221;none&#8221; shape_type=&#8221;straight_section&#8221;][vc_column column_padding=&#8221;no-extra-padding&#8221; column_padding_tablet=&#8221;inherit&#8221; column_padding_phone=&#8221;inherit&#8221; column_padding_position=&#8221;all&#8221;...","og_url":"https:\/\/constancehurle.com\/en\/bio-constance-hurle\/","og_site_name":"Constance Hurl\u00e9","article_modified_time":"2022-11-18T12:03:50+00:00","twitter_card":"summary_large_image","twitter_misc":{"Est. reading time":"9 minutes"},"schema":{"@context":"https:\/\/schema.org","@graph":[{"@type":"WebPage","@id":"https:\/\/constancehurle.com\/en\/bio-constance-hurle\/","url":"https:\/\/constancehurle.com\/en\/bio-constance-hurle\/","name":"Bio Constance Hurl\u00e9 - Constance Hurl\u00e9","isPartOf":{"@id":"https:\/\/constancehurle.com\/#website"},"datePublished":"2022-11-09T11:35:10+00:00","dateModified":"2022-11-18T12:03:50+00:00","breadcrumb":{"@id":"https:\/\/constancehurle.com\/en\/bio-constance-hurle\/#breadcrumb"},"inLanguage":"en-US","potentialAction":[{"@type":"ReadAction","target":["https:\/\/constancehurle.com\/en\/bio-constance-hurle\/"]}]},{"@type":"BreadcrumbList","@id":"https:\/\/constancehurle.com\/en\/bio-constance-hurle\/#breadcrumb","itemListElement":[{"@type":"ListItem","position":1,"name":"Portada","item":"https:\/\/constancehurle.com\/en\/"},{"@type":"ListItem","position":2,"name":"Bio Constance Hurl\u00e9"}]},{"@type":"WebSite","@id":"https:\/\/constancehurle.com\/#website","url":"https:\/\/constancehurle.com\/","name":"Constance Hurl\u00e9","description":"Poetry - Performance - Dramatist","potentialAction":[{"@type":"SearchAction","target":{"@type":"EntryPoint","urlTemplate":"https:\/\/constancehurle.com\/?s={search_term_string}"},"query-input":{"@type":"PropertyValueSpecification","valueRequired":true,"valueName":"search_term_string"}}],"inLanguage":"en-US"}]}},"_links":{"self":[{"href":"https:\/\/constancehurle.com\/en\/wp-json\/wp\/v2\/pages\/7704","targetHints":{"allow":["GET"]}}],"collection":[{"href":"https:\/\/constancehurle.com\/en\/wp-json\/wp\/v2\/pages"}],"about":[{"href":"https:\/\/constancehurle.com\/en\/wp-json\/wp\/v2\/types\/page"}],"author":[{"embeddable":true,"href":"https:\/\/constancehurle.com\/en\/wp-json\/wp\/v2\/users\/2"}],"replies":[{"embeddable":true,"href":"https:\/\/constancehurle.com\/en\/wp-json\/wp\/v2\/comments?post=7704"}],"version-history":[{"count":7,"href":"https:\/\/constancehurle.com\/en\/wp-json\/wp\/v2\/pages\/7704\/revisions"}],"predecessor-version":[{"id":7773,"href":"https:\/\/constancehurle.com\/en\/wp-json\/wp\/v2\/pages\/7704\/revisions\/7773"}],"wp:attachment":[{"href":"https:\/\/constancehurle.com\/en\/wp-json\/wp\/v2\/media?parent=7704"}],"curies":[{"name":"wp","href":"https:\/\/api.w.org\/{rel}","templated":true}]}}